{"id":2,"date":"2021-09-21T11:14:01","date_gmt":"2021-09-21T14:14:01","guid":{"rendered":"https:\/\/www3.astro.puc.cl\/ObsUC\/?page_id=2"},"modified":"2022-06-14T23:54:25","modified_gmt":"2022-06-15T02:54:25","slug":"pagina-de-ejemplo","status":"publish","type":"page","link":"https:\/\/www3.astro.puc.cl\/ObsUC\/","title":{"rendered":"Observatorio UC"},"content":{"rendered":"\n<p>El Observatorio de la Universidad Cat\u00f3lica (OUC) inaugurado en enero del 2005, se encuentra ubicado en Lo Barnechea, al interior de la Hacienda Santa Martina (Nature &amp; Golf Club). Aqu\u00ed nuestros estudiantes realizan sus primeras observaciones cient\u00edficas, y adem\u00e1s, existe un programa de visitas para colegios.<\/p>\n\n\n\n<p>El OUC cuenta con un telescopio de 50 cm donado por el Observatorio Europeo Austral (ESO), otro de 40 cm donado por el Observatorio Internacional de Cerro Tololo y dos m\u00e1s adquiridos con fondos del IA y el apoyo de la Universidad Cat\u00f3lica. A este grupo se suma otro instalado fuera del edificio principal del Instituto de Astrof\u00edsica que funciona por control remoto, propiedad del consorcio norteamericano SLOOH.<\/p>\n","protected":false},"excerpt":{"rendered":"<p>El Observatorio de la Universidad Cat\u00f3lica (OUC) inaugurado en enero del 2005, se encuentra ubicado en Lo Barnechea, al interior de la Hacienda Santa Martina (Nature &amp; Golf Club). Aqu\u00ed nuestros estudiantes realizan sus primeras observaciones cient\u00edficas, y adem\u00e1s, existe un programa de visitas para colegios. El OUC cuenta con un telescopio de 50 cm [&hellip;]<\/p>\n","protected":false},"author":1,"featured_media":0,"parent":0,"menu_order":0,"comment_status":"closed","ping_status":"open","template":"","meta":{"footnotes":""},"class_list":["post-2","page","type-page","status-publish","hentry"],"_links":{"self":[{"href":"https:\/\/www3.astro.puc.cl\/ObsUC\/index.php\/wp-json\/wp\/v2\/pages\/2","targetHints":{"allow":["GET"]}}],"collection":[{"href":"https:\/\/www3.astro.puc.cl\/ObsUC\/index.php\/wp-json\/wp\/v2\/pages"}],"about":[{"href":"https:\/\/www3.astro.puc.cl\/ObsUC\/index.php\/wp-json\/wp\/v2\/types\/page"}],"author":[{"embeddable":true,"href":"https:\/\/www3.astro.puc.cl\/ObsUC\/index.php\/wp-json\/wp\/v2\/users\/1"}],"replies":[{"embeddable":true,"href":"https:\/\/www3.astro.puc.cl\/ObsUC\/index.php\/wp-json\/wp\/v2\/comments?post=2"}],"version-history":[{"count":1,"href":"https:\/\/www3.astro.puc.cl\/ObsUC\/index.php\/wp-json\/wp\/v2\/pages\/2\/revisions"}],"predecessor-version":[{"id":49,"href":"https:\/\/www3.astro.puc.cl\/ObsUC\/index.php\/wp-json\/wp\/v2\/pages\/2\/revisions\/49"}],"wp:attachment":[{"href":"https:\/\/www3.astro.puc.cl\/ObsUC\/index.php\/wp-json\/wp\/v2\/media?parent=2"}],"curies":[{"name":"wp","href":"https:\/\/api.w.org\/{rel}","templated":true}]}}