{"id":50,"date":"2022-06-15T00:01:11","date_gmt":"2022-06-15T03:01:11","guid":{"rendered":"https:\/\/www3.astro.puc.cl\/ObsUC\/?page_id=50"},"modified":"2022-08-22T16:22:29","modified_gmt":"2022-08-22T19:22:29","slug":"ubicacion","status":"publish","type":"page","link":"https:\/\/www3.astro.puc.cl\/ObsUC\/index.php\/ubicacion\/","title":{"rendered":"Sobre Nosotros"},"content":{"rendered":"\n<p>El observatorio est\u00e1 ubicado en la Hacienda Santa Martina en Lo Barnechea, Santiago, Chile.<br>Las coordenadas son: W 70:32:04   -33:16:09  (289.4656 -33.2692) y a una altitud de 1450 msnm<\/p>\n\n\n\n<h2 class=\"wp-block-heading\">Historia<\/h2>\n\n\n\n<p>Entre los a\u00f1os 1999 y 2001 realizamos una intensa campa\u00f1a para encontrar una ubicaci\u00f3n adecuada para el observatorio. Estos inclu\u00edan estaciones de esqu\u00ed en las afueras de Santiago y algunas peque\u00f1as colinas. Finalmente, encontramos la ubicaci\u00f3n perfecta en la Hacienda Santa Martina, donde nos recibieron.<\/p>\n\n\n\n<p>Terminamos la construcci\u00f3n en 2004 y estamos operando desde enero de 2005.&nbsp;El observatorio ha aumentado el n\u00famero de telescopios a 4 y ahora tambi\u00e9n alberga el proyecto SLOOH.<\/p>\n\n\n\n<h2 class=\"wp-block-heading\">Telescopios<\/h2>\n\n\n\n<p>El Observatorio Docente UC posee los siguientes telescopios<\/p>\n\n\n\n<p>PUC40: Telescopio donado por observatorio tololo. Sus caracter\u00edsticas son: montura ecuatorial, lente principal de 40 cm., una c\u00e1mara CCD de campo 10&#215;10 arcmin, con resolucion de 0.63 arcsec\/pix. Cuenta con filtros sloan u,g,r,i,z.<\/p>\n\n\n\n<p>ESO50: Telescopio donado por la ESO. Sus caracter\u00edsticas son: montura ecuatorial, lente principal de 50cm., con un espectr\u00f3grafo llamado PUCHEROS.<\/p>\n\n\n\n<p>Meade40: Telescopio montura ecuatorial. Caracter\u00edsticas: lente principal de 40cm, c\u00e1mara MERLIN 14 x 10 arcmin, con resoluci\u00f3n de 1.27 arcsec\/pix<\/p>\n\n\n\n<p>Ori\u00f3n8: Telescopio secundario del Meade40. Caracter\u00edsticas: lente principal de 8cm, campo de 103 x 80 arcmin, con resoluci\u00f3n 1.8 arsec\/pix<\/p>\n\n\n\n<p>Meade30: Telescopio con lente principal de 30cm. No posee c\u00e1mara, solo ocular.<\/p>\n\n\n\n<h2 class=\"wp-block-heading\">Equipo<\/h2>\n\n\n\n<ul><li style=\"font-family: Roboto, sans-serif; font-size:14pt\"> Gaspar Galaz, Director <\/li> <li style=\"font-family: Roboto, sans-serif; font-size:14pt\"> Leonardo Vanzi, Jefe de Instrumentaci\u00f3n <\/li> <li style=\"font-family: Roboto, sans-serif; font-size:14pt\"> Nicol\u00e1s Castro, Astr\u00f3nomo Residente <\/li> <li style=\"font-family: Roboto, sans-serif; font-size:14pt\"> Mario Castro, Ingeniero especialista en instrumentaci\u00f3n astron\u00f3mica.  <\/li>  <\/ul>\n\n\n\n<h2 class=\"wp-block-heading\">AYUDANTES 2022-2<\/h2>\n\n\n\n<p>-Felipe Rojas<\/p>\n\n\n\n<p>-Jos\u00e9 Plaza<\/p>\n\n\n\n<p>-Fernanda Mu\u00f1oz<\/p>\n\n\n\n<p>-Victoria Catan<\/p>\n","protected":false},"excerpt":{"rendered":"<p>El observatorio est\u00e1 ubicado en la Hacienda Santa Martina en Lo Barnechea, Santiago, Chile.Las coordenadas son: W 70:32:04 -33:16:09 (289.4656 -33.2692) y a una altitud de 1450 msnm Historia Entre los a\u00f1os 1999 y 2001 realizamos una intensa campa\u00f1a para encontrar una ubicaci\u00f3n adecuada para el observatorio. Estos inclu\u00edan estaciones de esqu\u00ed en las afueras [&hellip;]<\/p>\n","protected":false},"author":3,"featured_media":0,"parent":0,"menu_order":0,"comment_status":"closed","ping_status":"closed","template":"","meta":{"footnotes":""},"class_list":["post-50","page","type-page","status-publish","hentry"],"_links":{"self":[{"href":"https:\/\/www3.astro.puc.cl\/ObsUC\/index.php\/wp-json\/wp\/v2\/pages\/50","targetHints":{"allow":["GET"]}}],"collection":[{"href":"https:\/\/www3.astro.puc.cl\/ObsUC\/index.php\/wp-json\/wp\/v2\/pages"}],"about":[{"href":"https:\/\/www3.astro.puc.cl\/ObsUC\/index.php\/wp-json\/wp\/v2\/types\/page"}],"author":[{"embeddable":true,"href":"https:\/\/www3.astro.puc.cl\/ObsUC\/index.php\/wp-json\/wp\/v2\/users\/3"}],"replies":[{"embeddable":true,"href":"https:\/\/www3.astro.puc.cl\/ObsUC\/index.php\/wp-json\/wp\/v2\/comments?post=50"}],"version-history":[{"count":20,"href":"https:\/\/www3.astro.puc.cl\/ObsUC\/index.php\/wp-json\/wp\/v2\/pages\/50\/revisions"}],"predecessor-version":[{"id":109,"href":"https:\/\/www3.astro.puc.cl\/ObsUC\/index.php\/wp-json\/wp\/v2\/pages\/50\/revisions\/109"}],"wp:attachment":[{"href":"https:\/\/www3.astro.puc.cl\/ObsUC\/index.php\/wp-json\/wp\/v2\/media?parent=50"}],"curies":[{"name":"wp","href":"https:\/\/api.w.org\/{rel}","templated":true}]}}