{"id":102,"date":"2021-09-26T13:25:33","date_gmt":"2021-09-26T16:25:33","guid":{"rendered":"https:\/\/www3.astro.puc.cl\/astro\/?page_id=102"},"modified":"2021-10-03T18:09:15","modified_gmt":"2021-10-03T21:09:15","slug":"difusion-y-divulgacion","status":"publish","type":"page","link":"https:\/\/www3.astro.puc.cl\/astro\/index.php\/difusion-y-divulgacion\/","title":{"rendered":"Difusi\u00f3n y Divulgaci\u00f3n"},"content":{"rendered":"\n<p>Nuestras principales actividades de difusi\u00f3n, divulgaci\u00f3n y comunicaci\u00f3n de la astronom\u00eda y astrof\u00edsica las puedes encontrar en los siguientes links:<\/p>\n\n\n\n<div class=\"wp-block-columns is-layout-flex wp-container-core-columns-is-layout-9d6595d7 wp-block-columns-is-layout-flex\">\n<div class=\"wp-block-column is-layout-flow wp-block-column-is-layout-flow\">\n<div class=\"uc-card\" style=\"max-width: 300px;\">\n    <img decoding=\"async\" src=\"https:\/\/astro.uc.cl\/images\/Foster_2.1.jpg\" class=\"card-img\" alt=\"\">\n    <div class=\"uc-card_body\">\n        <h4>Observatorio Hist\u00f3rico Manuel Foster<\/h4>\n        <div class=\"text-right mt-auto\">\n            <a href=\"https:\/\/www3.astro.puc.cl\/astro\/index.php\/difusion-y-divulgacion\/observatorio-manuel-foster\/\" class=\"uc-btn btn-inline\">\nM\u00e1s informaci\u00f3n<i class=\"uc-icon\">keyboard_arrow_right<\/i>\n            <\/a>\n        <\/div>\n    <\/div>\n<\/div>\n\n<\/div>\n\n\n\n<div class=\"wp-block-column is-layout-flow wp-block-column-is-layout-flow\">\n<div class=\"uc-card\" style=\"max-width: 300px;\">\n    <img decoding=\"async\" src=\"https:\/\/www3.astro.puc.cl\/astro\/wp-content\/uploads\/2021\/10\/Golden-Webinars-2021-webpage.jpg\" class=\"card-img\" alt=\"\">\n    <div class=\"uc-card_body\">\n        <h4>Webinars de Oro en Astrof\u00edsica<\/h4>\n        <div class=\"text-right mt-auto\">\n            <a href=\"https:\/\/www3.astro.puc.cl\/astro\/index.php\/difusion-y-divulgacion\/webinars-de-oro-en-astrofisica\" class=\"uc-btn btn-inline\">\nM\u00e1s informaci\u00f3n<i class=\"uc-icon\">keyboard_arrow_right<\/i>\n            <\/a>\n        <\/div>\n    <\/div>\n<\/div>\n\n<\/div>\n\n\n\n<div class=\"wp-block-column is-layout-flow wp-block-column-is-layout-flow\">\n<div class=\"uc-card\" style=\"max-width: 300px;\">\n    <img decoding=\"async\" src=\"https:\/\/www3.astro.puc.cl\/astro\/wp-content\/uploads\/2021\/10\/Universo300s.png\" class=\"card-img\" alt=\"\">\n    <div class=\"uc-card_body\">\n        <h4>Universo en 300 Segundos<\/h4>\n        <div class=\"text-right mt-auto\">\n            <a href=\"https:\/\/www.youtube.com\/c\/Universoen300segundos\" class=\"uc-btn btn-inline\">\nM\u00e1s informaci\u00f3n<i class=\"uc-icon\">keyboard_arrow_right<\/i>\n            <\/a>\n        <\/div>\n    <\/div>\n<\/div>\n\n<\/div>\n<\/div>\n\n\n\n<figure class=\"wp-block-embed\"><div class=\"wp-block-embed__wrapper\">\nhttps:\/\/www3.astro.puc.cl\/astro\/wp-content\/uploads\/2021\/10\/Universo300s.png\n<\/div><\/figure>\n","protected":false},"excerpt":{"rendered":"<p>Nuestras principales actividades de difusi\u00f3n, divulgaci\u00f3n y comunicaci\u00f3n de la astronom\u00eda y astrof\u00edsica las puedes encontrar en los siguientes links: Observatorio Hist\u00f3rico Manuel Foster M\u00e1s informaci\u00f3nkeyboard_arrow_right Webinars de Oro en Astrof\u00edsica M\u00e1s informaci\u00f3nkeyboard_arrow_right Universo en 300 Segundos M\u00e1s informaci\u00f3nkeyboard_arrow_right<\/p>\n","protected":false},"author":2,"featured_media":0,"parent":0,"menu_order":0,"comment_status":"closed","ping_status":"closed","template":"archive.php","meta":{"footnotes":""},"class_list":["post-102","page","type-page","status-publish","hentry"],"_links":{"self":[{"href":"https:\/\/www3.astro.puc.cl\/astro\/index.php\/wp-json\/wp\/v2\/pages\/102","targetHints":{"allow":["GET"]}}],"collection":[{"href":"https:\/\/www3.astro.puc.cl\/astro\/index.php\/wp-json\/wp\/v2\/pages"}],"about":[{"href":"https:\/\/www3.astro.puc.cl\/astro\/index.php\/wp-json\/wp\/v2\/types\/page"}],"author":[{"embeddable":true,"href":"https:\/\/www3.astro.puc.cl\/astro\/index.php\/wp-json\/wp\/v2\/users\/2"}],"replies":[{"embeddable":true,"href":"https:\/\/www3.astro.puc.cl\/astro\/index.php\/wp-json\/wp\/v2\/comments?post=102"}],"version-history":[{"count":4,"href":"https:\/\/www3.astro.puc.cl\/astro\/index.php\/wp-json\/wp\/v2\/pages\/102\/revisions"}],"predecessor-version":[{"id":172,"href":"https:\/\/www3.astro.puc.cl\/astro\/index.php\/wp-json\/wp\/v2\/pages\/102\/revisions\/172"}],"wp:attachment":[{"href":"https:\/\/www3.astro.puc.cl\/astro\/index.php\/wp-json\/wp\/v2\/media?parent=102"}],"curies":[{"name":"wp","href":"https:\/\/api.w.org\/{rel}","templated":true}]}}