{"id":105,"date":"2021-09-26T13:26:00","date_gmt":"2021-09-26T16:26:00","guid":{"rendered":"https:\/\/www3.astro.puc.cl\/astro\/?page_id=105"},"modified":"2021-09-26T13:26:00","modified_gmt":"2021-09-26T16:26:00","slug":"observatorio-manuel-foster","status":"publish","type":"page","link":"https:\/\/www3.astro.puc.cl\/astro\/index.php\/difusion-y-divulgacion\/observatorio-manuel-foster\/","title":{"rendered":"Observatorio Manuel Foster"},"content":{"rendered":"\n<p><img loading=\"lazy\" decoding=\"async\" width=\"300\" height=\"394\" src=\"https:\/\/astro.uc.cl\/images\/Foster_3.1.jpg\" alt=\"Foster 3.1\"><\/p>\n\n\n\n<p>El Observatorio Manuel Foster de la Universidad Cat\u00f3lica fue instalado en el cerro San\u00a0Crist\u00f3bal en 1903 por el Observatorio Lick de la Universidad de California, en una \u00e9poca donde la mayor\u00eda de los instrumentos de gran tama\u00f1o estaban en el hemisferio norte.<\/p>\n\n\n\n<p>La Instalaci\u00f3n del Observatorio fue autorizado por el Presidente Germ\u00e1n Riesco, convirti\u00e9ndose en la primera edificaci\u00f3n en ocupar la cumbre del cerro San Crist\u00f3bal. Aunque la idea original fue instalar el telescopio en el pa\u00eds s\u00f3lo por tres a\u00f1os, los exitosos resultados cient\u00edficos obtenidos lograron prolongar las observaciones por otros 25. En 1928 la Pontificia Universidad Cat\u00f3lica de Chile lo recibi\u00f3 como una donaci\u00f3n del destacado pol\u00edtico y profesor de la misma casa de estudios, Manuel Foster Recabarren.<\/p>\n\n\n\n<p>El principal objetivo del telescopio fue elaborar un cat\u00e1logo de velocidades radiales de estrellas brillantes del hemisferio sur. Durante sus primeros a\u00f1os de operaciones, fue parte de los nueve telescopios m\u00e1s grandes del mundo por lo que sus hallazgos revistieron gran importancia hist\u00f3rica para el desarrollo no s\u00f3lo de la astronom\u00eda nacional sino tambi\u00e9n mundial. As\u00ed, las observaciones realizadas desde el Observatorio Manuel Foster marcaron el inicio de la Astrof\u00edsica en Chile.<\/p>\n\n\n\n<p>Los instrumentos cient\u00edficos que conforman el observatorio fueron fabricados entre fines del siglo XIX y comienzos del XX. Su espejo primario tiene un di\u00e1metro de 93 cm y pesa 252 kg, mientras que el secundario mide 24,2 cm.<\/p>\n\n\n\n<p>En la d\u00e9cada del 30 y a principios de los 40, un peque\u00f1o grupo de profesores y ayudantes realiz\u00f3 observaciones de estrellas variables, bajo la direcci\u00f3n del Dr. Erich Heilmaier. El Observatorio dej\u00f3 de ser utilizado por muchos a\u00f1os hasta que en 1980 se inici\u00f3 su restauraci\u00f3n. En el proceso se hicieron mejoras tecnol\u00f3gicas que no afectaron su car\u00e1cter hist\u00f3rico. El objetivo de los arreglos fue aumentar la eficiencia del telescopio y mitigar el efecto producido por las antenas de radio y televisi\u00f3n que lo rodearon, adem\u00e1s del aumento en la luminosidad de la ciudad.<img loading=\"lazy\" decoding=\"async\" src=\"https:\/\/astro.uc.cl\/images\/Foster_2.1.jpg\" alt=\"Foster 2.1\" width=\"500\" height=\"377\"><\/p>\n\n\n\n<p>Desde 1982, el Observatorio Manuel Foster fue utilizado nuevamente para actividades de investigaci\u00f3n, docencia y extensi\u00f3n. En 1986, se realizaron observaciones del cometa Halley para todo p\u00fablico y, un a\u00f1o despu\u00e9s, de la supernova 1987A (la m\u00e1s cercana a la Tierra de los \u00faltimos tres siglos). El acelerado crecimiento de Santiago, as\u00ed como el progresivo aumento del acceso a los grandes y modernos observatorios del Norte por parte de los astr\u00f3nomos de la UC, disminuyeron la frecuencia de las observaciones en el Foster, el que dej\u00f3 de operar nuevamente en 1995.<\/p>\n\n\n\n<p>El telescopio ha sido intervenido de manera m\u00ednima en el transcurso de los a\u00f1os y se encuentra en la mismas condiciones de hace m\u00e1s de un siglo, lo que lo convierte en un instrumento hist\u00f3rico \u00fanico en Sudam\u00e9rica. En 2010, el Observatorio Hist\u00f3rico Manuel Foster fue declarado Monumento Nacional en la categor\u00eda de Monumento Hist\u00f3rico.<\/p>\n\n\n\n<p><strong>Visitas de colegios y D\u00eda del Patrimonio<\/strong><\/p>\n\n\n\n<p>El observatorio est\u00e1 abierto al publico general en el D\u00eda del Patrimonio (\u00faltimo domingo de mayo, no se requiere reserva). Adem\u00e1s se reciben visitas de colegios durante todo el a\u00f1o previa reserva que puede realizarse&nbsp;<a href=\"http:\/\/goo.gl\/forms\/azZFSCOcIO\" target=\"_blank\" rel=\"noreferrer noopener\">aqu\u00ed<\/a>.<\/p>\n\n\n\n<p>Todos los a\u00f1os la UC abre el Observatorio Hist\u00f3rico Manuel Foster a todo p\u00fablico.&nbsp;<\/p>\n\n\n\n<p>&nbsp;<strong>Galer\u00eda de im\u00e1genes<\/strong><\/p>\n\n\n\n<p><img loading=\"lazy\" decoding=\"async\" src=\"https:\/\/astro.uc.cl\/images\/1.jpeg\" alt=\"1\" width=\"500\" height=\"667\"><em>Reloj mec\u00e1nico usado para regular la velocidad de tracking (seguimiento de objetos en el cielo) del&nbsp;telescopio. Las dos pesas volantes se separan dependiendo de la&nbsp;velocidad de rotaci\u00f3n del sistema y actuan sobre un freno. De esta&nbsp;manera, el sistema mantiene una velocidad de tracking constante. Una&nbsp;descripci\u00f3n de este sistema se encuentra en el libro Telescopios y&nbsp;Estrellas de los Malacaras.<\/em><\/p>\n\n\n\n<figure class=\"wp-block-image\"><img decoding=\"async\" src=\"https:\/\/astro.uc.cl\/images\/4.jpeg\" alt=\"4\"\/><\/figure>\n\n\n\n<p><em>&nbsp;En la parte inferior hay dos placas. En la&nbsp;parte superior izquierda, en chasis de las placas fotogr\u00e1ficas que se insertan en el espectr\u00f3grafo.<\/em><\/p>\n\n\n\n<figure class=\"wp-block-image\"><img decoding=\"async\" src=\"https:\/\/astro.uc.cl\/images\/5.jpeg\" alt=\"5\"\/><\/figure>\n\n\n\n<p><em>La pieza negra con forma de media luna es el soporte de la configuracion de tres prisma del&nbsp;espectr\u00f3grafo, una de las pocas piezas que queda de esa configuraci\u00f3n.&nbsp;<\/em><\/p>\n\n\n\n<figure class=\"wp-block-image\"><img decoding=\"async\" src=\"https:\/\/astro.uc.cl\/images\/6.jpeg\" alt=\"6\"\/><\/figure>\n\n\n\n<p><em>Panel de control,&nbsp;intervenido en los a\u00f1os 80.<\/em><\/p>\n\n\n\n<p><em>Registro de visitas.<\/em><\/p>\n\n\n\n<figure class=\"wp-block-image\"><img decoding=\"async\" src=\"https:\/\/astro.uc.cl\/images\/10.jpeg\" alt=\"10\"\/><\/figure>\n\n\n\n<p><em>Relojes siderales de los a\u00f1os 80 junto a un term\u00f3metro o hygrometro&nbsp;probablemente de la misma \u00e9poca.<\/em><\/p>\n\n\n\n<figure class=\"wp-block-image\"><img decoding=\"async\" src=\"https:\/\/astro.uc.cl\/images\/12.jpeg\" alt=\"12\"\/><\/figure>\n\n\n\n<p><em>&nbsp;Espectr\u00f3grafo en configuraci\u00f3n de 2 prismas.<\/em><\/p>\n\n\n\n<figure class=\"wp-block-image\"><img decoding=\"async\" src=\"https:\/\/astro.uc.cl\/images\/13.jpeg\" alt=\"13\"\/><\/figure>\n\n\n\n<p><em>Movimientos AR\/DEC del telescopio, intervenido con motores el\u00e9ctricos de los a\u00f1os ochenta.<\/em><\/p>\n\n\n\n<figure class=\"wp-block-image\"><img decoding=\"async\" src=\"https:\/\/astro.uc.cl\/images\/15.jpeg\" alt=\"15\"\/><\/figure>\n\n\n\n<p>Qu\u00edmicos para el revelado y chassis de placas.<\/p>\n","protected":false},"excerpt":{"rendered":"<p>El Observatorio Manuel Foster de la Universidad Cat\u00f3lica fue instalado en el cerro San\u00a0Crist\u00f3bal en 1903 por el Observatorio Lick de la Universidad de California, en una \u00e9poca donde la mayor\u00eda de los instrumentos de gran tama\u00f1o estaban en el hemisferio norte. La Instalaci\u00f3n del Observatorio fue autorizado por el Presidente Germ\u00e1n Riesco, convirti\u00e9ndose en [&hellip;]<\/p>\n","protected":false},"author":2,"featured_media":0,"parent":102,"menu_order":0,"comment_status":"closed","ping_status":"closed","template":"","meta":{"footnotes":""},"class_list":["post-105","page","type-page","status-publish","hentry"],"_links":{"self":[{"href":"https:\/\/www3.astro.puc.cl\/astro\/index.php\/wp-json\/wp\/v2\/pages\/105","targetHints":{"allow":["GET"]}}],"collection":[{"href":"https:\/\/www3.astro.puc.cl\/astro\/index.php\/wp-json\/wp\/v2\/pages"}],"about":[{"href":"https:\/\/www3.astro.puc.cl\/astro\/index.php\/wp-json\/wp\/v2\/types\/page"}],"author":[{"embeddable":true,"href":"https:\/\/www3.astro.puc.cl\/astro\/index.php\/wp-json\/wp\/v2\/users\/2"}],"replies":[{"embeddable":true,"href":"https:\/\/www3.astro.puc.cl\/astro\/index.php\/wp-json\/wp\/v2\/comments?post=105"}],"version-history":[{"count":2,"href":"https:\/\/www3.astro.puc.cl\/astro\/index.php\/wp-json\/wp\/v2\/pages\/105\/revisions"}],"predecessor-version":[{"id":165,"href":"https:\/\/www3.astro.puc.cl\/astro\/index.php\/wp-json\/wp\/v2\/pages\/105\/revisions\/165"}],"up":[{"embeddable":true,"href":"https:\/\/www3.astro.puc.cl\/astro\/index.php\/wp-json\/wp\/v2\/pages\/102"}],"wp:attachment":[{"href":"https:\/\/www3.astro.puc.cl\/astro\/index.php\/wp-json\/wp\/v2\/media?parent=105"}],"curies":[{"name":"wp","href":"https:\/\/api.w.org\/{rel}","templated":true}]}}