{"id":44,"date":"2021-09-26T12:42:31","date_gmt":"2021-09-26T15:42:31","guid":{"rendered":"https:\/\/www3.astro.puc.cl\/astro\/?page_id=44"},"modified":"2021-10-03T17:32:59","modified_gmt":"2021-10-03T20:32:59","slug":"instituto","status":"publish","type":"page","link":"https:\/\/www3.astro.puc.cl\/astro\/index.php\/instituto\/","title":{"rendered":"Instituto"},"content":{"rendered":"\n<p>El Instituto de Astrof\u00edsica de la Pontificia Universidad Cat\u00f3lica de Chile es parte de la Facultad de F\u00edsica, y tiene como sus principales misiones tanto el desarrollo de investigaci\u00f3n de punta en Astrof\u00edsica, como la docencia a nivel de pre y postgrado. Los miembros de nuestro instituto realizan investigaci\u00f3n en una variedad de temas, los cuales involucran desde las estrellas m\u00e1s cercanas y planetas, hasta las galaxias m\u00e1s lejanas en el Universo.<\/p>\n\n\n\n<p>En el Instituto se desarrollan investigaciones tanto te\u00f3ricas como observacionales. Gran parte de las \u00faltimas hacen uso de los telescopios instalados en el norte de nuestro pa\u00eds, en los cuales los astr\u00f3nomos chilenos tienen garantizado un 10% del tiempo de observaci\u00f3n. Ejemplos de los telescopios a los que el departamento tiene acceso son los cuatro telescopios VLT en Paranal, Gemini South en Cerro Pach\u00f3n, los dos telescopios Magallanes en el Observatorio Las Campanas, y al interfer\u00f3metro sub-milim\u00e9trico ALMA en el llano de Chajnantor.<\/p>\n\n\n\n<p>El Instituto est\u00e1 constituido de 15 profesores, aproximadamente 40 investigadores postdoctorales, m\u00e1s de 35 estudiantes de postgrado y 9 integrantes de apoyo t\u00e9cnico y administrativo. Mantenemos estrechas relaciones con investigadores del Departamento de Ingenier\u00eda El\u00e9ctrica y del Instituto de F\u00edsica, lugares en los que se realiza investigaci\u00f3n complementaria en instrumentaci\u00f3n astron\u00f3mica y relatividad general.<\/p>\n\n\n\n<h2 class=\"wp-block-heading\">Secciones:<\/h2>\n\n\n\n<a href=\"https:\/\/www3.astro.puc.cl\/astro\/index.php\/instituto\/organizacion\/\" class=\"uc-btn btn-primary\">\nOrganizaci\u00f3n<\/a><br>\n<a href=\"https:\/\/www3.astro.puc.cl\/astro\/index.php\/instituto\/recursos-e-infraestructura\/\" class=\"uc-btn btn-primary\">\nRecursos e Infraestructura<\/a> <br>\n<a href=\"https:\/\/www3.astro.puc.cl\/astro\/index.php\/instituto\/informes-anuales\/\" class=\"uc-btn btn-primary\">\nInformes Anuales<\/a>\n","protected":false},"excerpt":{"rendered":"<p>El Instituto de Astrof\u00edsica de la Pontificia Universidad Cat\u00f3lica de Chile es parte de la Facultad de F\u00edsica, y tiene como sus principales misiones tanto el desarrollo de investigaci\u00f3n de punta en Astrof\u00edsica, como la docencia a nivel de pre y postgrado. Los miembros de nuestro instituto realizan investigaci\u00f3n en una variedad de temas, los [&hellip;]<\/p>\n","protected":false},"author":2,"featured_media":0,"parent":0,"menu_order":0,"comment_status":"closed","ping_status":"closed","template":"archive.php","meta":{"footnotes":""},"class_list":["post-44","page","type-page","status-publish","hentry"],"_links":{"self":[{"href":"https:\/\/www3.astro.puc.cl\/astro\/index.php\/wp-json\/wp\/v2\/pages\/44","targetHints":{"allow":["GET"]}}],"collection":[{"href":"https:\/\/www3.astro.puc.cl\/astro\/index.php\/wp-json\/wp\/v2\/pages"}],"about":[{"href":"https:\/\/www3.astro.puc.cl\/astro\/index.php\/wp-json\/wp\/v2\/types\/page"}],"author":[{"embeddable":true,"href":"https:\/\/www3.astro.puc.cl\/astro\/index.php\/wp-json\/wp\/v2\/users\/2"}],"replies":[{"embeddable":true,"href":"https:\/\/www3.astro.puc.cl\/astro\/index.php\/wp-json\/wp\/v2\/comments?post=44"}],"version-history":[{"count":8,"href":"https:\/\/www3.astro.puc.cl\/astro\/index.php\/wp-json\/wp\/v2\/pages\/44\/revisions"}],"predecessor-version":[{"id":133,"href":"https:\/\/www3.astro.puc.cl\/astro\/index.php\/wp-json\/wp\/v2\/pages\/44\/revisions\/133"}],"wp:attachment":[{"href":"https:\/\/www3.astro.puc.cl\/astro\/index.php\/wp-json\/wp\/v2\/media?parent=44"}],"curies":[{"name":"wp","href":"https:\/\/api.w.org\/{rel}","templated":true}]}}