{"id":51,"date":"2021-09-26T12:46:32","date_gmt":"2021-09-26T15:46:32","guid":{"rendered":"https:\/\/www3.astro.puc.cl\/astro\/?page_id=51"},"modified":"2021-10-03T17:37:22","modified_gmt":"2021-10-03T20:37:22","slug":"recursos-e-infraestructura","status":"publish","type":"page","link":"https:\/\/www3.astro.puc.cl\/astro\/index.php\/instituto\/recursos-e-infraestructura\/","title":{"rendered":"Recursos e Infraestructura"},"content":{"rendered":"\n<p>El Instituto de&nbsp;Astrof\u00edsica se encuentra ubicado en el campus San Joaqu\u00edn de la Universidad. Las oficinas de profesores y alumnos est\u00e1n distribuidas en un edificio de dos pisos. El instituto tiene acceso a todas las facilidades de la Facultad y Universidad, incluyendo bibliotecas, m\u00faltiples salas, laboratorios, internet, videoconferencia, bancos y otros servicios. La universidad tiene acceso en l\u00ednea a las revistas m\u00e1s importantes en Astronom\u00eda.<\/p>\n\n\n\n<p>El Instituto de Astrof\u00edsica cuenta con dos clusters de 512 y 520 cores cada uno. Estos son de alta capacidad para c\u00e1lculos y trabajos multiproceso, que se utiliza principalmente para realizar simulaciones cosmol\u00f3gicas. El departamento alberga bases de datos astron\u00f3micas, incluyendo un mirror del SAO\/NASA Astrophysics Data System (ADS).<\/p>\n\n\n\n<p>Los miembros del instituto tienen acceso al 10% del tiempo chileno en todos los observatorios del norte de Chile. Estos incluyen los cuatro telescopios VLT en Paranal, Gemini South en Cerro Pach\u00f3n, los dos telescopios Magallanes en el Observatorio Las Campanas y al interfer\u00f3metro sub-milim\u00e9trico ALMA en el llano de Chajnantor.<\/p>\n\n\n\n<p>El Instituto cuenta con un Observatorio Docente y un radiotelescopio para docencia. Adem\u00e1s cuenta con el observatorio hist\u00f3rico Manuel Foster en el cerro San Crist\u00f3bal y un taller en el campus San Joaqu\u00edn para reparar, actualizar y mejorar nuestros telescopios.<\/p>\n\n\n\n<h2 class=\"wp-block-heading\">Observatorio UC<\/h2>\n\n\n\n<p>El Observatorio UC, inaugurado en enero de 2005, se encuentra ubicado en Lo Barnechea, al interior de la Hacienda Santa Martina (Nature &amp; Golf Club). Aqu\u00ed nuestros estudiantes realizan sus primeras observaciones cient\u00edficas, y adem\u00e1s, existe un programa de visitas para colegios.<\/p>\n\n\n\n<p>El Observatorio UC cuenta con un telescopio de 50 cm donado por el Observatorio Europeo Austral (ESO), otro de 40 cm donado por el Observatorio Internacional de Cerro Tololo y dos m\u00e1s adquiridos con fondos del DAA y el apoyo de la Universidad Cat\u00f3lica. A este grupo se suma otro instalado fuera del edificio principal del Instituto de Astrof\u00edsica y que funciona por control remoto, propiedad del consorcio norteamericano SLOOH.<\/p>\n\n\n\n<h2 class=\"wp-block-heading\">Cluster<\/h2>\n\n\n\n<p>El Instituto de Astrof\u00edsica tiene una red inform\u00e1tica que incluye un cl\u00faster, gestionado por el Centro de Astro-Ingenier\u00eda (AIUC), que consta de 64 nodos con un total de 128 Intel Xeon Quad-Core CPU (512 n\u00facleos), 1024 GB de RAM, 40 TB de espacio en disco (iSCSI), y un sistema Linux para 64 Arquitectura bit corriendo sobre una red Ethernet 10 Gbps.<\/p>\n\n\n\n<p>A principios de 2013, este cluster se complement\u00f3 con un nuevo cluster 520-core CPU, con 18 Tflops y 3 TB de memoria. A los 30 TB original de espacio en disco se a\u00f1adieron 150 TB de discos de acceso normales y 45 TB de discos r\u00e1pidos I\/O. Tambi\u00e9n contamos con un cl\u00faster de GPU con 1792 NVidia Tesla Cores, con 96 GB de memoria.<\/p>\n","protected":false},"excerpt":{"rendered":"<p>El Instituto de&nbsp;Astrof\u00edsica se encuentra ubicado en el campus San Joaqu\u00edn de la Universidad. Las oficinas de profesores y alumnos est\u00e1n distribuidas en un edificio de dos pisos. El instituto tiene acceso a todas las facilidades de la Facultad y Universidad, incluyendo bibliotecas, m\u00faltiples salas, laboratorios, internet, videoconferencia, bancos y otros servicios. La universidad tiene [&hellip;]<\/p>\n","protected":false},"author":2,"featured_media":0,"parent":44,"menu_order":0,"comment_status":"closed","ping_status":"closed","template":"","meta":{"footnotes":""},"class_list":["post-51","page","type-page","status-publish","hentry"],"_links":{"self":[{"href":"https:\/\/www3.astro.puc.cl\/astro\/index.php\/wp-json\/wp\/v2\/pages\/51","targetHints":{"allow":["GET"]}}],"collection":[{"href":"https:\/\/www3.astro.puc.cl\/astro\/index.php\/wp-json\/wp\/v2\/pages"}],"about":[{"href":"https:\/\/www3.astro.puc.cl\/astro\/index.php\/wp-json\/wp\/v2\/types\/page"}],"author":[{"embeddable":true,"href":"https:\/\/www3.astro.puc.cl\/astro\/index.php\/wp-json\/wp\/v2\/users\/2"}],"replies":[{"embeddable":true,"href":"https:\/\/www3.astro.puc.cl\/astro\/index.php\/wp-json\/wp\/v2\/comments?post=51"}],"version-history":[{"count":2,"href":"https:\/\/www3.astro.puc.cl\/astro\/index.php\/wp-json\/wp\/v2\/pages\/51\/revisions"}],"predecessor-version":[{"id":134,"href":"https:\/\/www3.astro.puc.cl\/astro\/index.php\/wp-json\/wp\/v2\/pages\/51\/revisions\/134"}],"up":[{"embeddable":true,"href":"https:\/\/www3.astro.puc.cl\/astro\/index.php\/wp-json\/wp\/v2\/pages\/44"}],"wp:attachment":[{"href":"https:\/\/www3.astro.puc.cl\/astro\/index.php\/wp-json\/wp\/v2\/media?parent=51"}],"curies":[{"name":"wp","href":"https:\/\/api.w.org\/{rel}","templated":true}]}}