{"id":54,"date":"2021-09-26T12:48:11","date_gmt":"2021-09-26T15:48:11","guid":{"rendered":"https:\/\/www3.astro.puc.cl\/astro\/?page_id=54"},"modified":"2021-09-26T12:48:11","modified_gmt":"2021-09-26T15:48:11","slug":"informes-anuales","status":"publish","type":"page","link":"https:\/\/www3.astro.puc.cl\/astro\/index.php\/instituto\/informes-anuales\/","title":{"rendered":"Informes anuales"},"content":{"rendered":"\n<p>La misi\u00f3n del Instituto de Astrof\u00edsica (IA) es ser un centro de excelencia internacional para estudios en el \u00e1rea de la Astrof\u00edsica. Los informes permiten conocer las principales actividades que se realizaron durante el a\u00f1o en el IA.<\/p>\n\n\n\n<h2 class=\"wp-block-heading\">2020<\/h2>\n\n\n\n<p>El Instituto de Astrof\u00edsica (IA) de la UC tiene 15 miembros activos, 22 investigadores postdoctorales y alrededor de 20 estudiantes de postgrado. Durante 2020 los integrantes del IA publicaron 194 art\u00edculos. En el a\u00f1o acad\u00e9mico quince estudiantes recibieron su grado de Licenciatura; siete el de Mag\u00edster, y uno el de Doctor.<\/p>\n\n\n\n<p><a rel=\"noreferrer noopener\" href=\"https:\/\/astro.uc.cl\/images\/IA___Annual_Report_2020.pdf\" target=\"_blank\">Descarga el reporte aqu\u00ed<\/a><\/p>\n\n\n\n<h2 class=\"wp-block-heading\">2017<\/h2>\n\n\n\n<p>El Instituto de Astrof\u00edsica (IA) de la UC tiene 15 miembros activos, 46 investigadores postdoctorales y alrededor de 50 estudiantes de postgrado. Durante 2017 los integrantes del IA publicaron 246 art\u00edculos. En el a\u00f1o acad\u00e9mico once estudiantes recibieron su grado de Licenciatura; cinco el de Mag\u00edster, y seis el de Doctor.<\/p>\n\n\n\n<p><a rel=\"noreferrer noopener\" href=\"https:\/\/astro.uc.cl\/images\/annual-report-2017.pdf\" target=\"_blank\">Descarga el reporte aqu\u00ed<\/a><\/p>\n\n\n\n<h2 class=\"wp-block-heading\">2016<\/h2>\n\n\n\n<p>El Instituto de Astrof\u00edsica (IA) de la UC tiene 16 miembros activos, 46 investigadores postdoctorales y alrededor de 50 estudiantes de postgrado. Durante 2016 los integrantes del IA publicaron 228 art\u00edculos. En el a\u00f1o acad\u00e9mico doce estudiantes recibieron su grado de Licenciatura; cuatro el de Mag\u00edster, y cuatro el de Doctor.<\/p>\n\n\n\n<p><a rel=\"noreferrer noopener\" href=\"https:\/\/astro.uc.cl\/images\/annual-report-2016.pdf\" target=\"_blank\">Descarga el reporte aqu\u00ed<\/a><\/p>\n\n\n\n<h2 class=\"wp-block-heading\">2015<\/h2>\n\n\n\n<p>El Instituto de Astrof\u00edsica (IA) de la UC tiene 15 miembros activos, 46 investigadores postdoctorales, 20 estudiantes de doctorado y 20 de mag\u00edster al finalizar 2015. Durante el mismo a\u00f1o, los integrantes del IA publicaron 193 art\u00edculos. En el a\u00f1o acad\u00e9mico siete estudiantes recibieron su grado de Licenciatura; cuatro el de Mag\u00edster, y tres el de Doctor.<\/p>\n\n\n\n<p><a rel=\"noreferrer noopener\" href=\"https:\/\/astro.uc.cl\/images\/Informe2015.pdf\" target=\"_blank\">Descarga el reporte aqu\u00ed<\/a><\/p>\n\n\n\n<h2 class=\"wp-block-heading\">2014<\/h2>\n\n\n\n<p>El Instituto de Astrof\u00edsica (IA) de la UC tiene 14 miembros y recibi\u00f3 47 investigadores postdoctorales. Los miembros del IA publicaron 188 art\u00edculos. En el a\u00f1o acad\u00e9mico 2014, ocho estudiantes recibieron su grado de Licenciados, siete el de Mag\u00edster, y uno obtuvo el grado de Ph. D.<\/p>\n\n\n\n<p><a href=\"https:\/\/astro.uc.cl\/images\/annual-report-2014-1.pdf\">Descarga el reporte aqu\u00ed<\/a><\/p>\n","protected":false},"excerpt":{"rendered":"<p>La misi\u00f3n del Instituto de Astrof\u00edsica (IA) es ser un centro de excelencia internacional para estudios en el \u00e1rea de la Astrof\u00edsica. Los informes permiten conocer las principales actividades que se realizaron durante el a\u00f1o en el IA. 2020 El Instituto de Astrof\u00edsica (IA) de la UC tiene 15 miembros activos, 22 investigadores postdoctorales y [&hellip;]<\/p>\n","protected":false},"author":2,"featured_media":0,"parent":44,"menu_order":0,"comment_status":"closed","ping_status":"closed","template":"","meta":{"footnotes":""},"class_list":["post-54","page","type-page","status-publish","hentry"],"_links":{"self":[{"href":"https:\/\/www3.astro.puc.cl\/astro\/index.php\/wp-json\/wp\/v2\/pages\/54","targetHints":{"allow":["GET"]}}],"collection":[{"href":"https:\/\/www3.astro.puc.cl\/astro\/index.php\/wp-json\/wp\/v2\/pages"}],"about":[{"href":"https:\/\/www3.astro.puc.cl\/astro\/index.php\/wp-json\/wp\/v2\/types\/page"}],"author":[{"embeddable":true,"href":"https:\/\/www3.astro.puc.cl\/astro\/index.php\/wp-json\/wp\/v2\/users\/2"}],"replies":[{"embeddable":true,"href":"https:\/\/www3.astro.puc.cl\/astro\/index.php\/wp-json\/wp\/v2\/comments?post=54"}],"version-history":[{"count":1,"href":"https:\/\/www3.astro.puc.cl\/astro\/index.php\/wp-json\/wp\/v2\/pages\/54\/revisions"}],"predecessor-version":[{"id":55,"href":"https:\/\/www3.astro.puc.cl\/astro\/index.php\/wp-json\/wp\/v2\/pages\/54\/revisions\/55"}],"up":[{"embeddable":true,"href":"https:\/\/www3.astro.puc.cl\/astro\/index.php\/wp-json\/wp\/v2\/pages\/44"}],"wp:attachment":[{"href":"https:\/\/www3.astro.puc.cl\/astro\/index.php\/wp-json\/wp\/v2\/media?parent=54"}],"curies":[{"name":"wp","href":"https:\/\/api.w.org\/{rel}","templated":true}]}}