{"id":70,"date":"2021-09-26T13:03:22","date_gmt":"2021-09-26T16:03:22","guid":{"rendered":"https:\/\/www3.astro.puc.cl\/astro\/?page_id=70"},"modified":"2021-10-03T17:30:20","modified_gmt":"2021-10-03T20:30:20","slug":"investigacion","status":"publish","type":"page","link":"https:\/\/www3.astro.puc.cl\/astro\/index.php\/investigacion\/","title":{"rendered":"Investigaci\u00f3n"},"content":{"rendered":"\n<p>Los profesores del Instituto de Astrof\u00edsica realizan m\u00faltiples investigaciones que se detallan a continuaci\u00f3n:<\/p>\n\n\n\n<p>&#8211; <strong>Barrientos, Felipe\u00a0(Ph.D. University of Toronto, Canad\u00e1):<\/strong>\u00a0Evolution of Galaxies and Clusters of Galaxies; Gravitational Lensing.<\/p>\n\n\n\n<p>&#8211; <strong>Bauer, Franz E. (Ph.D. University of Virginia, EE.UU.):<\/strong>\u00a0Black holes (stellar, intermediate, supermassive); Galaxy + SMBH formation and evolution; X-ray binaries and ULXs; Supernovae and exotic transients; Gravitational Wave\/Multi-messenger events.<\/p>\n\n\n\n<p>&#8211; <strong>Catelan, M\u00e1rcio (Ph.D. Universidad de Sao Paulo, Brasil):<\/strong>\u00a0Stellar Evolution; Globular Clusters; Variable Stars.<\/p>\n\n\n\n<p>&#8211; <strong>Chanam\u00e9, Julio (Ph.D. The Ohio State University, EE.UU.):<\/strong>\u00a0Stellar dynamics: dark matter, black holes, gravitation, galaxies, star clusters; Stellar structure and evolution: theory and observation; Milky Way structure; Galactic stellar populations; Galactic archaeology and the Local Group; Wide Binaries.<\/p>\n\n\n\n<p><strong>&#8211; Clocchiatti, Alejandro (Ph.D. University of Texas at Austin, EE.UU.):<\/strong>\u00a0Supernovae; Cosmological Distance Relations.<\/p>\n\n\n\n<p>&#8211; <strong>D\u00fcnner, Rolando (Ph.D. Universidad Cat\u00f3lica de Chile, Chile):<\/strong>\u00a0Experimental Astronomy and Instrumentation; Large Scale Structure and Cosmology.<\/p>\n\n\n\n<p><strong>&#8211; Galaz, Gaspar (Ph.D. Universit\u00e9 Paris VII, Francia):<\/strong>\u00a0Stellar Content in Galaxies; Low Surface Brightness Galaxies; Statistical Properties of the Galaxy Distribution; Galaxy Evolution; Morphological and Spectral Classification of Distant Galaxies Observational Cosmology.<\/p>\n\n\n\n<p><strong>&#8211; Guzm\u00e1n, Viviana (Ph.D. Universit\u00e9 Pierre et Marie Curee, Francia):<\/strong>\u00a0Astrochemistry; Interstellar Medium;\u00a0Star-forming Regions;\u00a0Protoplanetary Disks.<\/p>\n\n\n\n<p><strong>&#8211; Infante, Leopoldo (Ph.D. University of Victoria, Canad\u00e1)<\/strong>: Large Scale Structure, Galaxy Formation and Evolution; Large Surveys.<\/p>\n\n\n\n<p><strong>&#8211; Padilla, Nelson (Ph.D. Universidad de C\u00f3rdova, Argentina):\u00a0<\/strong>Large Scale Structure Simulations and Observational Surveys.<\/p>\n\n\n\n<p><strong>&#8211; Petrovich, Cristobal (Ph.D. University of Princeton, EE.UU.)<\/strong>: Gravitational dynamics and exoplanets; Stellar and compact-object systems; Gravitational-wave sources.<\/p>\n\n\n\n<p><strong>&#8211; Puzia, Thomas H. (Dr.rer.nat Ludwig-Maximilians-Universit\u00e4t M\u00fcnchen, Alemania):<\/strong>\u00a0Galaxy Formation and Evolution; Star Cluster Systems and Stellar Populations in Galaxies.<\/p>\n\n\n\n<p><strong>&#8211; Tissera, Patricia (Ph.D. Universidad de C\u00f3rdova, Argentina)<\/strong>: Computational astrophysics;\u00a0Models and Simulations of the Formation of Galaxies.<\/p>\n\n\n\n<p><strong>&#8211; Treister, Ezequiel (Ph.D. Yale University, EE.UU.):<\/strong>\u00a0Formation and Evolution of Supermassive Black Holes.<\/p>\n\n\n\n<p><strong>&#8211; Zoccali, Manuela (Ph.D. Universit\u00e0 di Padova, Italia):<\/strong>\u00a0The Galactic Bulge; Stellar Populations; Chemical Abundances; Galactic Globular Clusters; The Initial Mass Function.<\/p>\n\n\n\n<h2 class=\"wp-block-heading\">Secciones:<\/h2>\n\n\n\n<a href=\"https:\/\/www3.astro.puc.cl\/astro\/index.php\/investigacion\/intercambio-estudiantil\/\" class=\"uc-btn btn-primary\">\nIntercambio Estudiantil<\/a><br>\n<a href=\"https:\/\/www3.astro.puc.cl\/astro\/index.php\/investigacion\/publicaciones\/\" class=\"uc-btn btn-primary\">\nPublicaciones <\/a> <br>\n<a href=\"https:\/\/www3.astro.puc.cl\/astro\/index.php\/investigacion\/software-y-computacion\/\" class=\"uc-btn btn-primary\">\nSoftware y Computaci\u00f3n<\/a>\n","protected":false},"excerpt":{"rendered":"<p>Los profesores del Instituto de Astrof\u00edsica realizan m\u00faltiples investigaciones que se detallan a continuaci\u00f3n: &#8211; Barrientos, Felipe\u00a0(Ph.D. University of Toronto, Canad\u00e1):\u00a0Evolution of Galaxies and Clusters of Galaxies; Gravitational Lensing. &#8211; Bauer, Franz E. (Ph.D. University of Virginia, EE.UU.):\u00a0Black holes (stellar, intermediate, supermassive); Galaxy + SMBH formation and evolution; X-ray binaries and ULXs; Supernovae and exotic [&hellip;]<\/p>\n","protected":false},"author":2,"featured_media":0,"parent":0,"menu_order":0,"comment_status":"closed","ping_status":"closed","template":"archive.php","meta":{"footnotes":""},"class_list":["post-70","page","type-page","status-publish","hentry"],"_links":{"self":[{"href":"https:\/\/www3.astro.puc.cl\/astro\/index.php\/wp-json\/wp\/v2\/pages\/70","targetHints":{"allow":["GET"]}}],"collection":[{"href":"https:\/\/www3.astro.puc.cl\/astro\/index.php\/wp-json\/wp\/v2\/pages"}],"about":[{"href":"https:\/\/www3.astro.puc.cl\/astro\/index.php\/wp-json\/wp\/v2\/types\/page"}],"author":[{"embeddable":true,"href":"https:\/\/www3.astro.puc.cl\/astro\/index.php\/wp-json\/wp\/v2\/users\/2"}],"replies":[{"embeddable":true,"href":"https:\/\/www3.astro.puc.cl\/astro\/index.php\/wp-json\/wp\/v2\/comments?post=70"}],"version-history":[{"count":8,"href":"https:\/\/www3.astro.puc.cl\/astro\/index.php\/wp-json\/wp\/v2\/pages\/70\/revisions"}],"predecessor-version":[{"id":124,"href":"https:\/\/www3.astro.puc.cl\/astro\/index.php\/wp-json\/wp\/v2\/pages\/70\/revisions\/124"}],"wp:attachment":[{"href":"https:\/\/www3.astro.puc.cl\/astro\/index.php\/wp-json\/wp\/v2\/media?parent=70"}],"curies":[{"name":"wp","href":"https:\/\/api.w.org\/{rel}","templated":true}]}}