{"id":80,"date":"2021-09-26T13:07:59","date_gmt":"2021-09-26T16:07:59","guid":{"rendered":"https:\/\/www3.astro.puc.cl\/astro\/?page_id=80"},"modified":"2021-09-26T13:15:25","modified_gmt":"2021-09-26T16:15:25","slug":"software-y-computacion","status":"publish","type":"page","link":"https:\/\/www3.astro.puc.cl\/astro\/index.php\/investigacion\/software-y-computacion\/","title":{"rendered":"Software y Computaci\u00f3n"},"content":{"rendered":"\n<ul>\n    <li><a href=\"https:\/\/github.com\/ismaelpessa\/PyMUSE\" rel=\"noreferrer noopener\" target=\"_blank\">pyMUSE<\/a> desarrollado por Nicolas Tejos, Ismael Pessa y Cristobal Moya.&nbsp;<\/li>\n    <li>Web de <a href=\"http:\/\/www2.astro.puc.cl\/pgpuc\/\" rel=\"noreferrer noopener\" target=\"_blank\">PGPUC<\/a><\/li>\n    <li><a href=\"https:\/\/github.com\/rabrahm\/ceres\" rel=\"noreferrer noopener\" target=\"_blank\">CERES<\/a>: A Set of Automated Routines for Echelle Spectra<br>Brahm, Jordan &amp; Espinoza 2017, PASP, 129, 4002.<\/li>\n    <li><a href=\"https:\/\/github.com\/rabrahm\/zaspe\" rel=\"noreferrer noopener\" target=\"_blank\">ZASPE<\/a>: A Code to Measure Stellar Atmospheric Parameters and their Covariance from SpectraBrahm, Jordan, Hartman &amp; Bakos 2017, MNRAS, 467, 971.<\/li>\n    <li>Est&aacute; disponible una nueva versi&oacute;n del paquete de fotometr&iacute;a DoPHOT, de J. Alonso-Garc&iacute;a, Becario Postdoctoral del Milenio @IA, para la comunidad astron&oacute;mica.<\/li>\n<\/ul>\n\n\n\n<p>Esta es una versi\u00f3n actualizada del conocido programa para obtener fotometr\u00eda PSF de im\u00e1genes astron\u00f3micas, escrito en la d\u00e9cada de los 90 por P. Schechter, M. Mateo, y A. Saha. Usted puede obtener una completa y profunda explicaci\u00f3n de las principales caracter\u00edsticas del art\u00edculo &#8220;DoPHOT, fotometr\u00eda CCD Programa: Descripci\u00f3n y Pruebas&#8221; (Schechter et al. 1993, PASP 105, 1345).<\/p>\n\n\n\n<p>El c\u00f3digo fuente se puede descargar&nbsp;<a href=\"http:\/\/146.155.47.15\/archivos\/dophot.tar.gz\" target=\"_blank\" rel=\"noreferrer noopener\">desde aqu\u00ed.<\/a>&nbsp;Si est\u00e1 utilizando el c\u00f3digo, por favor, reconocer los documentos [<a href=\"http:\/\/adsabs.harvard.edu\/abs\/1993PASP..105.1342S\">Schechter et al. (1993)<\/a>&nbsp;y&nbsp;<a href=\"http:\/\/adsabs.harvard.edu\/abs\/2011arXiv1111.5628A\">Alonso-Garc\u00eda et al. (2012, AJ, 143, 70)<\/a>], en cualquier publicaci\u00f3n resultante.<\/p>\n","protected":false},"excerpt":{"rendered":"<p>pyMUSE desarrollado por Nicolas Tejos, Ismael Pessa y Cristobal Moya.&nbsp; Web de PGPUC CERES: A Set of Automated Routines for Echelle SpectraBrahm, Jordan &amp; Espinoza 2017, PASP, 129, 4002. ZASPE: A Code to Measure Stellar Atmospheric Parameters and their Covariance from SpectraBrahm, Jordan, Hartman &amp; Bakos 2017, MNRAS, 467, 971. Est&aacute; disponible una nueva versi&oacute;n [&hellip;]<\/p>\n","protected":false},"author":2,"featured_media":0,"parent":70,"menu_order":0,"comment_status":"closed","ping_status":"closed","template":"","meta":{"footnotes":""},"class_list":["post-80","page","type-page","status-publish","hentry"],"_links":{"self":[{"href":"https:\/\/www3.astro.puc.cl\/astro\/index.php\/wp-json\/wp\/v2\/pages\/80","targetHints":{"allow":["GET"]}}],"collection":[{"href":"https:\/\/www3.astro.puc.cl\/astro\/index.php\/wp-json\/wp\/v2\/pages"}],"about":[{"href":"https:\/\/www3.astro.puc.cl\/astro\/index.php\/wp-json\/wp\/v2\/types\/page"}],"author":[{"embeddable":true,"href":"https:\/\/www3.astro.puc.cl\/astro\/index.php\/wp-json\/wp\/v2\/users\/2"}],"replies":[{"embeddable":true,"href":"https:\/\/www3.astro.puc.cl\/astro\/index.php\/wp-json\/wp\/v2\/comments?post=80"}],"version-history":[{"count":2,"href":"https:\/\/www3.astro.puc.cl\/astro\/index.php\/wp-json\/wp\/v2\/pages\/80\/revisions"}],"predecessor-version":[{"id":84,"href":"https:\/\/www3.astro.puc.cl\/astro\/index.php\/wp-json\/wp\/v2\/pages\/80\/revisions\/84"}],"up":[{"embeddable":true,"href":"https:\/\/www3.astro.puc.cl\/astro\/index.php\/wp-json\/wp\/v2\/pages\/70"}],"wp:attachment":[{"href":"https:\/\/www3.astro.puc.cl\/astro\/index.php\/wp-json\/wp\/v2\/media?parent=80"}],"curies":[{"name":"wp","href":"https:\/\/api.w.org\/{rel}","templated":true}]}}