{"id":85,"date":"2021-09-26T13:14:07","date_gmt":"2021-09-26T16:14:07","guid":{"rendered":"https:\/\/www3.astro.puc.cl\/astro\/?page_id=85"},"modified":"2021-10-03T17:47:59","modified_gmt":"2021-10-03T20:47:59","slug":"grados-y-docencia","status":"publish","type":"page","link":"https:\/\/www3.astro.puc.cl\/astro\/index.php\/grados-y-docencia\/","title":{"rendered":"Grados y Docencia"},"content":{"rendered":"\n<div class=\"wp-block-columns is-layout-flex wp-container-core-columns-is-layout-9d6595d7 wp-block-columns-is-layout-flex\">\n<div class=\"wp-block-column is-layout-flow wp-block-column-is-layout-flow\">\n<p><strong>\u00bfPor qu\u00e9 estudiar Astronom\u00eda en la UC?<\/strong><\/p>\n\n\n\n<p>La astronom\u00eda es una de las ciencias m\u00e1s antiguas y al mismo tiempo, m\u00e1s cercanas al ciudadano com\u00fan. \u00bfQui\u00e9n no se ha maravillado ante el grandioso espect\u00e1culo de una noche estrellada en el campo o la playa? En pleno siglo XXI, la astronom\u00eda es una ciencia a escala planetaria: un astr\u00f3nomo puede comunicarse pr\u00e1cticamente con otro astr\u00f3nomo en cualquier parte del mundo y compartir sus avances y descubrimientos, sin importar su nacionalidad, religi\u00f3n u origen. Vivimos en una \u00e9poca en la cual los siete mil millones de habitantes del planeta est\u00e1n expectantes por descubrimientos astron\u00f3micos extraordinarios. Por ejemplo, hay m\u00e1s de mil exoplanetas y existen cientos de astr\u00f3nomos trabajando para encontrar atm\u00f3sferas y ojal\u00e1 trazas de vida en algunos de ellos. Gracias a telescopios gigantescos, que escudri\u00f1an el espacio en todo el espectro electromagn\u00e9tico, es posible examinar galaxias cuya luz fue emitida cuando el universo ten\u00eda menos de un 5% de su edad actual y nuestro sistema solar a\u00fan no se hab\u00eda formado.<\/p>\n\n\n\n<p>Lo m\u00e1s extraordinario es, sin duda, que Chile es el actor principal de esta aventura astron\u00f3mica. M\u00e1s del 70% de los telescopios del planeta est\u00e1n en nuestro pa\u00eds y en los pr\u00f3ximos a\u00f1os se construir\u00e1n a\u00fan m\u00e1s instrumentos.&nbsp;<strong>Los j\u00f3venes deben ser parte de esta aventura de descubrimientos c\u00f3smicos.<\/strong>&nbsp;La astronom\u00eda en Chile se ha desarrollado r\u00e1pidamente; existen los medios, los astr\u00f3nomos y los recursos para ser protagonistas de la astronom\u00eda profesional en Chile, con grandes expectativas de desarrollo. En este escenario el&nbsp;<strong>Instituto de Astrof\u00edsica (IA)<\/strong>&nbsp;de la Pontificia Universidad Cat\u00f3lica de Chile es l\u00edder en el pa\u00eds.<\/p>\n\n\n\n<p>Con una planta de dedicaci\u00f3n exclusiva para la investigaci\u00f3n y la docencia de&nbsp;<strong>15 profesores, alrededor de 40 investigadores postdoctorales, m\u00e1s de 35 alumnos de postgrado (mag\u00edster y doctorado) y unos 120 alumnos de pregrado<\/strong>, el IA se ha transformado en un centro l\u00edder de la astrof\u00edsica en Chile y Latinoam\u00e9rica.&nbsp;<strong>El IA mantiene convenios con m\u00e1s de diez prestigiosas universidades y centros de investigaci\u00f3n a escala mundial, entre ellos las universidades de Princeton, Columbia, Notre Dame, Padova, Maryland, Heidelberg, entre otros<\/strong>. En Chile los investigadores lideran las \u00e1reas de astronom\u00eda extragal\u00e1ctica, exoplanetas, instrumentaci\u00f3n astron\u00f3mica en \u00f3ptico e infrarrojo y astronom\u00eda estelar. Al mismo tiempo, existe un grupo muy potente de astrof\u00edsica te\u00f3rica y computacional con aplicaciones en cosmolog\u00eda, formaci\u00f3n de galaxias y astrof\u00edsica estelar, haciendo uso de un supercomputador que est\u00e1 instalado en el IA. Varios de los acad\u00e9micos del Instituto han sido ganadores de la prestigiosa beca de la fundaci\u00f3n John Simon Guggenheim y muchos han liderado proyectos a nivel nacional e internacional, sin mencionar que todos ellos han sido investigadores principales de proyectos FONDECYT regulares.<\/p>\n\n\n\n<p>El IA adem\u00e1s ha jugado un rol preponderante en la fundaci\u00f3n y operaci\u00f3n del&nbsp;<strong>Centro de Astro-Ingenier\u00eda UC (AIUC), el primer centro en Chile dedicado exclusivamente al dise\u00f1o y operaci\u00f3n de instrumentaci\u00f3n astron\u00f3mica avanzada<\/strong>, incluyendo \u00f3ptica adaptativa, espectroscopia infrarroja, receptores y antenas en el sub-milim\u00e9trico, etc.<\/p>\n<\/div>\n\n\n\n<div class=\"wp-block-column is-layout-flow wp-block-column-is-layout-flow\">\n<div class=\"uc-card\" style=\"max-width: 300px;\">\n    <img decoding=\"async\" src=\"https:\/\/www3.astro.puc.cl\/astro\/wp-content\/uploads\/2021\/10\/Licenciatura-button-768x432-1.jpg\" class=\"card-img\" alt=\"\">\n    <div class=\"uc-card_body\">\n        <h4>Licenciatura en Astronom\u00eda<\/h4>\n        <div class=\"text-right mt-auto\">\n            <a href=\"https:\/\/www3.astro.puc.cl\/astro\/index.php\/grados-y-docencia\/licenciatura-en-astronomia\/\" class=\"uc-btn btn-inline\">\nM\u00e1s informaci\u00f3n                <i class=\"uc-icon\">keyboard_arrow_right<\/i>\n            <\/a>\n        <\/div>\n    <\/div>\n<\/div>\n<br>\n<div class=\"uc-card\" style=\"max-width: 300px;\">\n    <img decoding=\"async\" src=\"https:\/\/www3.astro.puc.cl\/astro\/wp-content\/uploads\/2021\/10\/Magister-button-768x432-1.jpg\" class=\"card-img\" alt=\"\">\n    <div class=\"uc-card_body\">\n        <h4>Magister en Astrof\u00edsica<\/h4>\n        <div class=\"text-right mt-auto\">\n            <a href=\"https:\/\/www3.astro.puc.cl\/astro\/index.php\/grados-y-docencia\/magister-en-astrofisica\/\" class=\"uc-btn btn-inline\">\nM\u00e1s informaci\u00f3n                <i class=\"uc-icon\">keyboard_arrow_right<\/i>\n            <\/a>\n        <\/div>\n    <\/div>\n<\/div>\n<br>\n<div class=\"uc-card\" style=\"max-width: 300px;\">\n    <img decoding=\"async\" src=\"https:\/\/www3.astro.puc.cl\/astro\/wp-content\/uploads\/2021\/10\/Doctorado-button-768x432-1.jpg\" class=\"card-img\" alt=\"\">\n    <div class=\"uc-card_body\">\n        <h4>Doctorado en Astrof\u00edsica<\/h4>\n        <div class=\"text-right mt-auto\">\n            <a href=\"https:\/\/www3.astro.puc.cl\/astro\/index.php\/grados-y-docencia\/doctorado-en-astrofisica\/\" class=\"uc-btn btn-inline\">\nM\u00e1s informaci\u00f3n                <i class=\"uc-icon\">keyboard_arrow_right<\/i>\n            <\/a>\n        <\/div>\n    <\/div>\n<\/div>\n<\/div>\n<\/div>\n\n\n\n<p><\/p>\n","protected":false},"excerpt":{"rendered":"<p>\u00bfPor qu\u00e9 estudiar Astronom\u00eda en la UC? La astronom\u00eda es una de las ciencias m\u00e1s antiguas y al mismo tiempo, m\u00e1s cercanas al ciudadano com\u00fan. \u00bfQui\u00e9n no se ha maravillado ante el grandioso espect\u00e1culo de una noche estrellada en el campo o la playa? En pleno siglo XXI, la astronom\u00eda es una ciencia a escala [&hellip;]<\/p>\n","protected":false},"author":2,"featured_media":0,"parent":0,"menu_order":0,"comment_status":"closed","ping_status":"closed","template":"archive.php","meta":{"footnotes":""},"class_list":["post-85","page","type-page","status-publish","hentry"],"_links":{"self":[{"href":"https:\/\/www3.astro.puc.cl\/astro\/index.php\/wp-json\/wp\/v2\/pages\/85","targetHints":{"allow":["GET"]}}],"collection":[{"href":"https:\/\/www3.astro.puc.cl\/astro\/index.php\/wp-json\/wp\/v2\/pages"}],"about":[{"href":"https:\/\/www3.astro.puc.cl\/astro\/index.php\/wp-json\/wp\/v2\/types\/page"}],"author":[{"embeddable":true,"href":"https:\/\/www3.astro.puc.cl\/astro\/index.php\/wp-json\/wp\/v2\/users\/2"}],"replies":[{"embeddable":true,"href":"https:\/\/www3.astro.puc.cl\/astro\/index.php\/wp-json\/wp\/v2\/comments?post=85"}],"version-history":[{"count":7,"href":"https:\/\/www3.astro.puc.cl\/astro\/index.php\/wp-json\/wp\/v2\/pages\/85\/revisions"}],"predecessor-version":[{"id":146,"href":"https:\/\/www3.astro.puc.cl\/astro\/index.php\/wp-json\/wp\/v2\/pages\/85\/revisions\/146"}],"wp:attachment":[{"href":"https:\/\/www3.astro.puc.cl\/astro\/index.php\/wp-json\/wp\/v2\/media?parent=85"}],"curies":[{"name":"wp","href":"https:\/\/api.w.org\/{rel}","templated":true}]}}