{"id":91,"date":"2021-09-26T13:16:53","date_gmt":"2021-09-26T16:16:53","guid":{"rendered":"https:\/\/www3.astro.puc.cl\/astro\/?page_id=91"},"modified":"2021-10-03T17:52:52","modified_gmt":"2021-10-03T20:52:52","slug":"licenciatura-en-astronomia","status":"publish","type":"page","link":"https:\/\/www3.astro.puc.cl\/astro\/index.php\/grados-y-docencia\/licenciatura-en-astronomia\/","title":{"rendered":"Licenciatura en Astronom\u00eda"},"content":{"rendered":"\n<p>El campo laboral de los egresados de Licenciatura en Astronom\u00eda est\u00e1 especialmente dise\u00f1ado para que un alumno aventajado pueda competir significativamente con sus pares a nivel internacional y optar a los mejores postgrados en Astrof\u00edsica de Chile y el mundo para continuar con la carrera de la astrof\u00edsica profesional. Adem\u00e1s, despu\u00e9s de la licenciatura se pueden recorrer caminos que se insertan en otros quehaceres de la astrof\u00edsica como la educaci\u00f3n, la difusi\u00f3n cient\u00edfica, entre otros. Los egresados del postgrado del IA, especialmente aquellos que han optado por el programa de PhD, pueden ingresar al mundo profesional siendo reconocidos como investigadores de talante internacional; trabajando como investigadores postdoctorales, acad\u00e9micos en universidades, o investigadores en p<\/p>\n\n\n\n<p>La Licenciatura en Astronom\u00eda de la Universidad Cat\u00f3lica de Chile se inici\u00f3 en 1998, motivada por el gran potencial de desarrollo de esta ciencia en Chile, unido a la escasez de astr\u00f3nomos que puedan participar en este desarrollo.<\/p>\n\n\n\n<p>Es actualmente el \u00fanico programa de licenciatura en Astronom\u00eda con entrada directa una vez terminada la educaci\u00f3n media (rindiendo la Prueba de Selecci\u00f3n Universitaria). Desde sus inicios, el programa est\u00e1 atrayendo algunos de los mejores alumnos en el \u00e1rea cient\u00edfica del pa\u00eds.<\/p>\n\n\n\n<p><strong>Grado Acad\u00e9mico<\/strong><\/p>\n\n\n\n<p>Grado Acad\u00e9mico de Bachiller.<br>Grado Acad\u00e9mico de Licenciado en Astronom\u00eda.<\/p>\n\n\n\n<h2 class=\"wp-block-heading\"><strong>Objetivos de la Carrera<\/strong><\/h2>\n\n\n\n<p>El objetivo de la Licenciatura en Astronom\u00eda es proporcionar una s\u00f3lida y profunda base en matem\u00e1ticas, f\u00edsica y astronom\u00eda, que permita a sus egresados seguir exitosamente estudios de postgrado en astrof\u00edsica, f\u00edsica o \u00e1reas relacionadas, o bien desempe\u00f1arse en aquellas \u00e1reas de tecnolog\u00eda avanzada que se beneficien de una importante formaci\u00f3n cient\u00edfica, por ejemplo en observatorios internacionales.<\/p>\n\n\n\n<h2 class=\"wp-block-heading\">Plan de Estudio<\/h2>\n\n\n\n<p>La malla curricular de la Licenciatura en Astronom\u00eda incluye cursos de astronom\u00eda, f\u00edsica, matem\u00e1ticas y computaci\u00f3n, que dan al alumno una formaci\u00f3n cient\u00edfica s\u00f3lida que puede ser aplicada en contextos muy diversos. La similitud del plan de estudios (en particular los primeros dos a\u00f1os) con otras carreras ofrecidas por la universidad, tales como Ingenier\u00eda y Licenciatura en F\u00edsica, facilita los cambios entre estas carreras a los alumnos que no tengan su vocaci\u00f3n bien definida al momento de postular e incluso permite a alumnos de rendimiento excepcional seguir la Licenciatura en Astronom\u00eda en forma paralela con otra carrera.<\/p>\n\n\n\n<p>Para alumnos cuyo inter\u00e9s b\u00e1sico es la Ingenier\u00eda o alguna otra carrera de base f\u00edsico-matem\u00e1tica, pero que desean complementarla con una base en astronom\u00eda, est\u00e1 la posibilidad de seguir el Certificado Acad\u00e9mico en Astronom\u00eda, una secuencia de cuatro cursos extractados del programa de la Licenciatura.<\/p>\n\n\n\n<h2 class=\"wp-block-heading\"><strong>Perfil del astr\u00f3nomo UC<\/strong><\/h2>\n\n\n\n<p>El egresado de la carrera de Licenciatura en Astronom\u00eda de la Pontificia Universidad Cat\u00f3lica de Chile adquiere una serie de competencias como consecuencia de su formaci\u00f3n, las cuales enumeramos y describimos a continuaci\u00f3n:<\/p>\n\n\n\n&#8211; Conoce y comprende las materias fundamentales de la f\u00edsica y astronom\u00eda, lo que le permite aplicarlas a la soluci\u00f3n de problemas, para lo cual usa herramientas f\u00edsicas, matem\u00e1ticas y m\u00e9todos computacionales.\n <br>\n    \n&#8211; Sabe que una teor\u00eda debe ser verificada experimentalmente, por lo tanto conoce y comprende las t\u00e9cnicas experimentales y observacionales, siendo en consecuencia, capaz de realizar experiencias y analizar observaciones destinadas a este objetivo. Tambi\u00e9n es capaz de aprender el funcionamiento de nuevos instrumentos y nuevas tecnolog\u00edas.\n<br>\n    \n&#8211; Posee s\u00f3lidos valores que se expresan en su actuar con responsabilidad y \u00e9tica profesional. Es asimismo, respetuoso de las personas y tiene vocaci\u00f3n de servicio. Tiene la capacidad de trabajar en equipo para lograr un objetivo y de auto-aprender si lo necesita. Es persistente, riguroso y capaz de trabajar bajo presi\u00f3n.\n<br>\n    \n&#8211; Los conocimientos adquiridos le permiten incorporarse a programas de postgrado tanto en astrof\u00edsica, como en f\u00edsica, ingenier\u00eda, matem\u00e1tica, qu\u00edmica, biof\u00edsica, ciencias de la Tierra y otras \u00e1reas afines. Tambi\u00e9n puede completar estudios de pedagog\u00eda.\n\n\n\n<h2 class=\"wp-block-heading\"><strong>Campo ocupacional<\/strong><\/h2>\n\n\n\n<p>La astronom\u00eda es una profesi\u00f3n verdaderamente internacional, lo que permite a los que la practican trabajar en cualquier lugar del mundo y mantener contactos con cient\u00edficos de muchos otros lugares. En Chile, el fuerte desarrollo de los observatorios esta creando excelentes oportunidades, que para ser aprovechadas requerir\u00e1n multiplicar por 10 el n\u00famero actual de astr\u00f3nomos. Los nuevos astr\u00f3nomos podr\u00e1n trabajar en:<\/p>\n\n\n\n&#8211; Postular a un postgrado en Astronom\u00eda\/Astrof\u00edsica en alguna de las Universidades chilenas que ofrecen Magister o Doctorado en Astronom\u00eda\/Astrof\u00edsica, o bien en alguna universidad extranjera. El alumno egresado de la Licenciatura en Astrof\u00edsica con buen rendimiento tiene una alta probabilidad de ser aceptado en un postgrado de muy buen nivel en el extranjero y en Chile, tal como lo demuestran los resultados de los alumnos con buenas notas egresados durante los \u00faltimos 10 a\u00f1os.\n\n   <br> \n&#8211; Observatorios astron\u00f3micos, que necesitar\u00e1n personal especializado de alto nivel para operar, mantener y mejorar los cada vez m\u00e1s complejos sistemas de operaci\u00f3n de los telescopios y los instrumentos adosados a ellos. Instituciones de investigaci\u00f3n especializadas nacionales e internacionales, como el proyecto Gemini, la NASA, organismos de gobierno especializados y otros.\n<br>\n    \n&#8211; Industrias de alto nivel tecnol\u00f3gico.\n\n\n\n\n<p>En cada una de estas posibilidades, existen cargos que requieren de diversos niveles de experiencia y formaci\u00f3n de postgrado.<\/p>\n\n\n\n<h2 class=\"wp-block-heading\"><strong>Caracter\u00edsticas del postulante:<\/strong><\/h2>\n\n\n\n<p>&#8211; Inter\u00e9s y curiosidad por fen\u00f3menos del cosmos.<br>&#8211; Fuerte motivaci\u00f3n por las materias cient\u00edficas.<br>&#8211; Capacidad de observaci\u00f3n cr\u00edtica e interpretaci\u00f3n de fen\u00f3menos naturales.<br>&#8211; Aptitud matem\u00e1tica desarrollada.<br>&#8211; Habilidad para realizar estudios abstractos.<br>&#8211; Buena disposici\u00f3n para el trabajo individual y en equipo.<\/p>\n\n\n\n<h2 class=\"wp-block-heading\">Admisi\u00f3n<\/h2>\n\n\n\n<p>A esta carrera se puede ingresar por admisi\u00f3n ordinaria (cualquier alumno que haya cursado su Educaci\u00f3n Media en Chile), rindiendo la Prueba de Transici\u00f3n (PdT)<\/p>\n\n\n\n<p>Para conocer m\u00e1s detalles haz click&nbsp;<a href=\"http:\/\/www.uc.cl\/es\/admision\" target=\"_blank\" rel=\"noreferrer noopener\"><strong>aqu\u00ed.<\/strong><\/a><\/p>\n\n\n\n<p>Para conocer los aranceles y becas, haz click\u00a0<a rel=\"noreferrer noopener\" href=\"http:\/\/arancelesybeneficios.uc.cl\/\" target=\"_blank\"><strong>aqu\u00ed.<\/strong><\/a><\/p>\n\n\n\n<p>Clave Carrera: 1232.<\/p>\n","protected":false},"excerpt":{"rendered":"<p>El campo laboral de los egresados de Licenciatura en Astronom\u00eda est\u00e1 especialmente dise\u00f1ado para que un alumno aventajado pueda competir significativamente con sus pares a nivel internacional y optar a los mejores postgrados en Astrof\u00edsica de Chile y el mundo para continuar con la carrera de la astrof\u00edsica profesional. Adem\u00e1s, despu\u00e9s de la licenciatura se [&hellip;]<\/p>\n","protected":false},"author":2,"featured_media":0,"parent":85,"menu_order":0,"comment_status":"closed","ping_status":"closed","template":"","meta":{"footnotes":""},"class_list":["post-91","page","type-page","status-publish","hentry"],"_links":{"self":[{"href":"https:\/\/www3.astro.puc.cl\/astro\/index.php\/wp-json\/wp\/v2\/pages\/91","targetHints":{"allow":["GET"]}}],"collection":[{"href":"https:\/\/www3.astro.puc.cl\/astro\/index.php\/wp-json\/wp\/v2\/pages"}],"about":[{"href":"https:\/\/www3.astro.puc.cl\/astro\/index.php\/wp-json\/wp\/v2\/types\/page"}],"author":[{"embeddable":true,"href":"https:\/\/www3.astro.puc.cl\/astro\/index.php\/wp-json\/wp\/v2\/users\/2"}],"replies":[{"embeddable":true,"href":"https:\/\/www3.astro.puc.cl\/astro\/index.php\/wp-json\/wp\/v2\/comments?post=91"}],"version-history":[{"count":5,"href":"https:\/\/www3.astro.puc.cl\/astro\/index.php\/wp-json\/wp\/v2\/pages\/91\/revisions"}],"predecessor-version":[{"id":152,"href":"https:\/\/www3.astro.puc.cl\/astro\/index.php\/wp-json\/wp\/v2\/pages\/91\/revisions\/152"}],"up":[{"embeddable":true,"href":"https:\/\/www3.astro.puc.cl\/astro\/index.php\/wp-json\/wp\/v2\/pages\/85"}],"wp:attachment":[{"href":"https:\/\/www3.astro.puc.cl\/astro\/index.php\/wp-json\/wp\/v2\/media?parent=91"}],"curies":[{"name":"wp","href":"https:\/\/api.w.org\/{rel}","templated":true}]}}