{"id":93,"date":"2021-09-26T13:17:54","date_gmt":"2021-09-26T16:17:54","guid":{"rendered":"https:\/\/www3.astro.puc.cl\/astro\/?page_id=93"},"modified":"2021-10-03T17:55:42","modified_gmt":"2021-10-03T20:55:42","slug":"magister-en-astrofisica","status":"publish","type":"page","link":"https:\/\/www3.astro.puc.cl\/astro\/index.php\/grados-y-docencia\/magister-en-astrofisica\/","title":{"rendered":"Mag\u00edster en Astrof\u00edsica"},"content":{"rendered":"\n<p>El objetivo del Mag\u00edster en Astrof\u00edsica es formar investigadores muy bien capacitados, ya sea para realizar un doctorado, o para dar apoyo de alto nivel a la investigaci\u00f3n astron\u00f3mica, docencia o difusi\u00f3n en el \u00e1rea astron\u00f3mica.<\/p>\n\n\n\n<p>Los beneficios de estudiar en el Instituto de Astrof\u00edsica de PUC-Chile:<\/p>\n\n\n\n&#8211; El IA-PUC es uno de los centros l\u00edderes en Astronomia en Am\u00e9rica Latina.\n<br>  \n&#8211; Una comunidad internacional activa y din\u00e1mica, compuesta de 16 acad\u00e9micos, ~30 postdocs, y ~50 estudiantes de postgrado.\n<br>\n    \n&#8211; Investigaci\u00f3n de frontera en cosmolog\u00eda, astrof\u00edsica gal\u00e1ctica y extragal\u00e1ctica, astroqu\u00edmica, instrumentaci\u00f3n astron\u00f3mica, astrof\u00edsica de alta energ\u00eda, y simulaciones num\u00e9ricas.\n<br>\n    \n&#8211; Acceso al 10% del tiempo en todos los telescopios instalados en Chile, incluyendo APEX, ALMA, Paranal, La Silla, Las Campanas, Cerro Tololo, etc.\n<br>\n    \n&#8211; Ambiente cient\u00edfico diario vibrante y activo, con un apoyo acad\u00e9mico de parte de profesores reconocidos mundialmente. El programa ofrece una gran variedad de oportunidades para interacciones cient\u00edficas, como seminarios y coloquios semanales, discusiones diarias de Journal Club, reuniones de grupo, programas de intercambio con variadas instituciones internacionales, y viajes a conferencias nacionales e internacionales.     \n<br>\n    \n&#8211; Un n\u00famero limitado de becas de manutenci\u00f3n por la duraci\u00f3n del programa, incluyendo manutenci\u00f3n y 90% del arancel de matr\u00edcula. Sin embargo, los estudiantes aceptados al programa que no reciban beca de manutenci\u00f3n, s\u00ed tendr\u00e1n asegurada la beca del 90% del arancel de matr\u00edcula. \n\n  <br>  \n&#8211; El idioma oficial del Instituto es el ingl\u00e9s.\n\n\n\n\n<p><strong>Fecha de postulaci\u00f3n:<\/strong>&nbsp;entre el 1 de Septiembre y el 1 Octubre 2021 inclusive, para iniciar estudios en Marzo de 2022.&nbsp;El formulario de postulaci\u00f3n se puede encontrar&nbsp;<strong><a href=\"https:\/\/form.jotform.com\/212086440965155\">aqu\u00ed<\/a>.<\/strong><\/p>\n\n\n\n<p><strong>Magister Acreditado<\/strong><\/p>\n\n\n\n&#8211; Periodo de acreditaci\u00f3n: 9 a\u00f1os\n<br>\n    \n&#8211; Mes y a\u00f1o de t\u00e9rmino: Enero 2030\n<br>\n    \n&#8211; Modalidad: Presencial\n<br>\n    \n&#8211; Sede: Campus San Joaqu\u00edn, Santiago, Chile\n<br>\n    \n&#8211; Jornada: Diurna\n<br>\n    \n&#8211; Nombre de la Agencia Acreditadora: Comisi\u00f3n Nacional de Acreditaci\u00f3n\n\n\n\n<h2 class=\"wp-block-heading\">Programa de Estudio<\/h2>\n\n\n\n<table style=\"border-collapse:collapse;border-spacing:0\" class=\"tg\"><thead><tr><th style=\"background-color:#FFF;border-color:black;border-style:solid;border-width:1px;color:#333;font-family:Arial, sans-serif;font-size:14px;font-weight:bold;overflow:hidden;padding:10px 5px;text-align:center;vertical-align:top;word-break:normal\"><span style=\"font-weight:700\">Semestre<\/span><\/th><th style=\"background-color:#FFF;border-color:black;border-style:solid;border-width:1px;color:#333;font-family:Arial, sans-serif;font-size:14px;font-weight:bold;overflow:hidden;padding:10px 5px;text-align:center;vertical-align:top;word-break:normal\" colspan=\"4\"><span style=\"background-color:#FFF\"> Curso\/Actividad<\/span> <span style=\"background-color:#FFF\"> <\/span><\/th><th style=\"background-color:#FFF;border-color:black;border-style:solid;border-width:1px;color:#333;font-family:Arial, sans-serif;font-size:14px;font-weight:bold;overflow:hidden;padding:10px 5px;text-align:center;vertical-align:top;word-break:normal\"><span style=\"font-weight:700\">Total cr\u00e9ditos semestral<\/span><\/th><\/tr><\/thead><tbody><tr><td style=\"background-color:#FFF;border-color:black;border-style:solid;border-width:1px;color:#333;font-family:Arial, sans-serif;font-size:14px;font-weight:bold;overflow:hidden;padding:10px 5px;text-align:center;vertical-align:top;word-break:normal\"><span style=\"background-color:#FFF\"> 1er semestre<\/span><\/td><td style=\"background-color:#FFF;border-color:black;border-style:solid;border-width:1px;color:#333;font-family:Arial, sans-serif;font-size:14px;overflow:hidden;padding:10px 5px;text-align:center;vertical-align:top;word-break:normal\">Procesos f\u00edsicos en astrof\u00edsica <br>ASP9110 <br>10 cr\u00e9ditos<\/td><td style=\"background-color:#FFF;border-color:black;border-style:solid;border-width:1px;color:#333;font-family:Arial, sans-serif;font-size:14px;overflow:hidden;padding:10px 5px;text-align:center;vertical-align:top;word-break:normal\">Fronteras de la astrof\u00edsica A<br>ASP9301<br>10 cr\u00e9ditos<\/td><td style=\"background-color:#FFF;border-color:black;border-style:solid;border-width:1px;color:#333;font-family:Arial, sans-serif;font-size:14px;overflow:hidden;padding:10px 5px;text-align:center;vertical-align:top;word-break:normal\">Optativo I<br>10 cr\u00e9ditos<\/td><td style=\"background-color:#FFF;border-color:black;border-style:solid;border-width:1px;color:#333;font-family:Arial, sans-serif;font-size:14px;overflow:hidden;padding:10px 5px;text-align:center;vertical-align:top;word-break:normal\">Optativo II<br>10 cr\u00e9ditos<\/td><td style=\"background-color:#FFF;border-color:black;border-style:solid;border-width:1px;color:#333;font-family:Arial, sans-serif;font-size:14px;overflow:hidden;padding:10px 5px;text-align:center;vertical-align:top;word-break:normal\">40 cr\u00e9ditos<\/td><\/tr><tr><td style=\"background-color:#FFF;border-color:black;border-style:solid;border-width:1px;color:#333;font-family:Arial, sans-serif;font-size:14px;font-weight:bold;overflow:hidden;padding:10px 5px;text-align:center;vertical-align:top;word-break:normal\"><span style=\"background-color:#FFF\">2do semestre<\/span><\/td><td style=\"background-color:#FFF;border-color:black;border-style:solid;border-width:1px;color:#333;font-family:Arial, sans-serif;font-size:14px;overflow:hidden;padding:10px 5px;text-align:center;vertical-align:top;word-break:normal\">Fronteras de la astrof\u00edsica B<br>ASP9302 <br>10 cr\u00e9ditos<\/td><td style=\"background-color:#FFF;border-color:black;border-style:solid;border-width:1px;color:#333;font-family:Arial, sans-serif;font-size:14px;overflow:hidden;padding:10px 5px;text-align:center;vertical-align:top;word-break:normal\">Optativo III<br>10 cr\u00e9ditos<\/td><td style=\"background-color:#FFF;border-color:black;border-style:solid;border-width:1px;color:#333;font-family:Arial, sans-serif;font-size:14px;overflow:hidden;padding:10px 5px;text-align:center;vertical-align:top;word-break:normal\"> Trabajo de Investigaci\u00f3n A<br> ASP9201 <br>20 cr\u00e9ditos<\/td><td style=\"background-color:#FFF;border-color:black;border-style:solid;border-width:1px;color:#333;font-family:Arial, sans-serif;font-size:14px;overflow:hidden;padding:10px 5px;text-align:center;vertical-align:top;word-break:normal\"> <\/td><td style=\"background-color:#FFF;border-color:black;border-style:solid;border-width:1px;color:#333;font-family:Arial, sans-serif;font-size:14px;overflow:hidden;padding:10px 5px;text-align:center;vertical-align:top;word-break:normal\">40 cr\u00e9ditos<\/td><\/tr><tr><td style=\"background-color:#FFF;border-color:black;border-style:solid;border-width:1px;color:#333;font-family:Arial, sans-serif;font-size:14px;font-weight:bold;overflow:hidden;padding:10px 5px;text-align:center;vertical-align:top;word-break:normal\"><span style=\"background-color:#FFF\">3er semestre<\/span><\/td><td style=\"background-color:#FFF;border-color:black;border-style:solid;border-width:1px;color:#333;font-family:Arial, sans-serif;font-size:14px;overflow:hidden;padding:10px 5px;text-align:center;vertical-align:top;word-break:normal\"> Fronteras de la astrof\u00edsica C <br>ASP9303<br>10 cr\u00e9ditos<\/td><td style=\"background-color:#FFF;border-color:black;border-style:solid;border-width:1px;color:#333;font-family:Arial, sans-serif;font-size:14px;overflow:hidden;padding:10px 5px;text-align:center;vertical-align:top;word-break:normal\"> Optativo IV<br> 10 cr\u00e9ditos<\/td><td style=\"background-color:#FFF;border-color:black;border-style:solid;border-width:1px;color:#333;font-family:Arial, sans-serif;font-size:14px;overflow:hidden;padding:10px 5px;text-align:center;vertical-align:top;word-break:normal\">Trabajo de investigaci\u00f3n B<br>ASP9202<br>20 cr\u00e9ditos<\/td><td style=\"background-color:#FFF;border-color:black;border-style:solid;border-width:1px;color:#333;font-family:Arial, sans-serif;font-size:14px;overflow:hidden;padding:10px 5px;text-align:center;vertical-align:top;word-break:normal\"> <\/td><td style=\"background-color:#FFF;border-color:black;border-style:solid;border-width:1px;color:#333;font-family:Arial, sans-serif;font-size:14px;overflow:hidden;padding:10px 5px;text-align:center;vertical-align:top;word-break:normal\">40 cr\u00e9ditos<\/td><\/tr><tr><td style=\"background-color:#FFF;border-color:black;border-style:solid;border-width:1px;color:#333;font-family:Arial, sans-serif;font-size:14px;overflow:hidden;padding:10px 5px;text-align:center;vertical-align:top;word-break:normal\"> <span style=\"background-color:#FFF\">4to semestre<\/span><br><br> <\/td><td style=\"background-color:#FFF;border-color:black;border-style:solid;border-width:1px;color:#333;font-family:Arial, sans-serif;font-size:14px;overflow:hidden;padding:10px 5px;text-align:center;vertical-align:top;word-break:normal\"> Tesis de mag\u00edster <br>ASP8770<br>30 cr\u00e9ditos<\/td><td style=\"background-color:#FFF;border-color:black;border-style:solid;border-width:1px;color:#333;font-family:Arial, sans-serif;font-size:14px;overflow:hidden;padding:10px 5px;text-align:center;vertical-align:top;word-break:normal\"> <\/td><td style=\"background-color:#FFF;border-color:black;border-style:solid;border-width:1px;color:#333;font-family:Arial, sans-serif;font-size:14px;overflow:hidden;padding:10px 5px;text-align:center;vertical-align:top;word-break:normal\"> <\/td><td style=\"background-color:#FFF;border-color:black;border-style:solid;border-width:1px;color:#333;font-family:Arial, sans-serif;font-size:14px;overflow:hidden;padding:10px 5px;text-align:center;vertical-align:top;word-break:normal\">Defensa de Tesis <\/td><td style=\"background-color:#FFF;border-color:black;border-style:solid;border-width:1px;color:#333;font-family:Arial, sans-serif;font-size:14px;overflow:hidden;padding:10px 5px;text-align:center;vertical-align:top;word-break:normal\">30 cr\u00e9ditos<\/td><\/tr><\/tbody><\/table>\n\n\n\n<p><a rel=\"noreferrer noopener\" href=\"https:\/\/astro.uc.cl\/images\/Malla_Cursos_MagisterAstrofisica.pdf\" target=\"_blank\">Malla Mag\u00edster en Astrof\u00edsica<\/a><\/p>\n\n\n\n<h2 class=\"wp-block-heading\">Postulaciones<\/h2>\n\n\n\n<p>Los postulantes deben tener el grado de licenciados en Astronom\u00eda o F\u00edsica (o \u00e1reas af\u00ednes), dedicaci\u00f3n de tiempo completo, y un buen manejo del idioma ingl\u00e9s y\/o espa\u00f1ol. Experiencia previa en investigaci\u00f3n, si bien no es un requisito, es considerada positivamente.<\/p>\n\n\n\n<p>Documentos de postulaci\u00f3n:<\/p>\n\n\n\n&#8211; Carta de presentaci\u00f3n con una descripci\u00f3n detallada de su motivaci\u00f3n para formarse como investigador en Astrof\u00edsica, en particular en el IA-PUC, experiencia en investigaci\u00f3n previa (si aplica), intereses de investigaci\u00f3n, y metas de carrera a futuro.  \n<br>\n    \n&#8211; Curr\u00edculum Vitae, incluyendo lista de publicaciones si las hubiere (m\u00e1ximo 3 p\u00e1ginas).\n<br>\n    \n&#8211; Un m\u00ednimo de dos y un m\u00e1ximo de tres cartas de referencia en espa\u00f1ol o ingl\u00e9s escritas por personas que puedan dar informaci\u00f3n detallada sobre las fortalezas y debilidades del candidato. \n<br>\n    \n&#8211; Antecedentes acad\u00e9micos oficiales (concentraci\u00f3n de notas), en idioma ingl\u00e9s o espa\u00f1ol, con una clara indicaci\u00f3n de la escala de notas y el ranking del estudiante. \n<br>\n    \n&#8211; Certificado de t\u00edtulo o grado acad\u00e9mico, o una carta oficial de su instituci\u00f3n acad\u00e9mica indicando la fecha esperada de graduaci\u00f3n.  \n<br>\n    \n&#8211; Cualquier otro antecedente que el estudiante quisiera agregar, por ejemplo el resultado de alg\u00fan test estandarizado como el GRE o el TOEFL.\n\n\n\n<p>Todos los documentos de postulaci\u00f3n (a excepci\u00f3n de las cartas de referencia) deben ser enviados a trav\u00e9s de nuestro&nbsp;<a href=\"https:\/\/form.jotform.com\/212086440965155\"><strong>formulario de postulaci\u00f3n&nbsp;<\/strong><\/a>. Los postulantes pre-seleccionados ser\u00e1n citados(as) a una entrevista. Todas las preguntas debe ser dirigidas a&nbsp;<a href=\"mailto:postgrado@fis.uc.cl.\">gradapp@astro.puc.cl.<\/a><\/p>\n\n\n\n<p>A partir de estos antecedentes, el Comit\u00e9 de Postgrado elaborar\u00e1 un orden de m\u00e9rito de los candidatos basado en la siguiente escala:<\/p>\n\n\n\n&#8211; Carta de presentaci\u00f3n: 10%\n  <br>  \n&#8211; Antecedentes acad\u00e9micos: 20%\n<br>\n    \n&#8211; Cartas de referencia: 25%\n<br>\n    \n&#8211; Curr\u00edculum Vitae: 15%\n<br>\n    \n&#8211; Entrevista: 30%\n\n\n\n<p>Los seleccionados que acepten nuestra oferta ser\u00e1n contactados para iniciar tr\u00e1mites relacionados al&nbsp;seguro de salud (FONASA, ISAPRE u otro), visa para los alumnos extrajeros, etc.<\/p>\n\n\n\n<p>El Instituto de Astrof\u00edsica y la PUC est\u00e1n comprometidos a ofrecer igualdad de oportunidades y diversidad en su comunidad de trabajo, incluyendo libertad religiosa. Postulaciones de minor\u00edas son especialmente bienvenidas.<\/p>\n\n\n\n<p><strong>Fecha de postulaci\u00f3n:<\/strong>&nbsp;desde el 1 de Septiembre hasta el 1 de Octubre 2021 inclusive, para iniciar estudios en Marzo de 2022.&nbsp;El formulario de postulaci\u00f3n se puede encontrar&nbsp;<strong><a href=\"https:\/\/form.jotform.com\/212086440965155\">aqu\u00ed<\/a>.<\/strong><\/p>\n\n\n\n<h2 class=\"wp-block-heading\">Financiamiento<\/h2>\n\n\n\n<p>Existe un n\u00famero limitado de becas de manutenci\u00f3n por la duraci\u00f3n del programa. Estas becas incluyen manutenci\u00f3n y 90% del arancel de la matr\u00edcula.<\/p>\n\n\n\n<p>Los estudiantes aceptados al programa que no reciban esta beca de manutenci\u00f3n, s\u00ed tendr\u00e1n asegurada la beca del 90% del arancel de matr\u00edcula. Otras posibilidades de financiamiento incluyen ayundat\u00edas y participaci\u00f3n en proyectos de investigaci\u00f3n.<\/p>\n\n\n\n<h2 class=\"wp-block-heading\">Documentos y Formularios<\/h2>\n\n\n\n<p style=\"box-sizing: border-box; margin: 0px 0px 10px; color: rgb(51, 51, 51); font-family: &quot;Helvetica Neue&quot;, Helvetica, Arial, sans-serif; font-size: 13px; font-style: normal; font-variant-ligatures: normal; font-variant-caps: normal; font-weight: 400; letter-spacing: normal; orphans: 2; text-indent: 0px; text-transform: none; white-space: normal; widows: 2; word-spacing: 0px; -webkit-text-stroke-width: 0px; background-color: rgb(255, 255, 255); text-decoration-thickness: initial; text-decoration-style: initial; text-decoration-color: initial; text-align: justify;\"><span style=\"box-sizing: border-box; font-size: 10pt; font-family: helvetica;\">&nbsp;Los estudiantes matriculados podr\u00e1n acceder a los siguientes documentos y formularios:<\/span><\/p>\n<p style=\"box-sizing: border-box; margin: 0px 0px 10px; color: rgb(51, 51, 51); font-family: &quot;Helvetica Neue&quot;, Helvetica, Arial, sans-serif; font-size: 13px; font-style: normal; font-variant-ligatures: normal; font-variant-caps: normal; font-weight: 400; letter-spacing: normal; orphans: 2; text-indent: 0px; text-transform: none; white-space: normal; widows: 2; word-spacing: 0px; -webkit-text-stroke-width: 0px; background-color: rgb(255, 255, 255); text-decoration-thickness: initial; text-decoration-style: initial; text-decoration-color: initial; text-align: justify;\"><span style=\"box-sizing: border-box; font-size: 10pt; font-family: helvetica;\">&nbsp;1-. <a href=\"https:\/\/docs.google.com\/forms\/d\/e\/1FAIpQLSf2Bb5QQdq2F8oZlJYYbR_sq6obJEbsifyp8ZKZXQLYvc4nrg\/viewform\" style=\"box-sizing: border-box; background-color: transparent; color: rgb(35, 103, 198); text-decoration: none;\">Formulario para solicitar una constancia&nbsp;<\/a>(de alumno regular, concentraci\u00f3n de notas, otra)&nbsp;<\/span><\/p>\n<p style=\"box-sizing: border-box; margin: 0px 0px 10px; color: rgb(51, 51, 51); font-family: &quot;Helvetica Neue&quot;, Helvetica, Arial, sans-serif; font-size: 13px; font-style: normal; font-variant-ligatures: normal; font-variant-caps: normal; font-weight: 400; letter-spacing: normal; orphans: 2; text-indent: 0px; text-transform: none; white-space: normal; widows: 2; word-spacing: 0px; -webkit-text-stroke-width: 0px; background-color: rgb(255, 255, 255); text-decoration-thickness: initial; text-decoration-style: initial; text-decoration-color: initial; text-align: justify;\"><span style=\"box-sizing: border-box; font-size: 10pt; font-family: helvetica;\">&nbsp;2-. <a href=\"https:\/\/docs.google.com\/forms\/d\/e\/1FAIpQLSdFwtRMlchEvsUMJ31nf3KEJfWzTjmqtE2O9a5Tx70mxMUGpg\/viewform?usp=sf_link\" style=\"box-sizing: border-box; background-color: transparent; color: rgb(35, 103, 198); text-decoration: none;\">Formulario para solicitar la convalidaci\u00f3n asignaturas<\/a><\/span><\/p>\n<p style=\"box-sizing: border-box; margin: 0px 0px 10px; color: rgb(51, 51, 51); font-family: &quot;Helvetica Neue&quot;, Helvetica, Arial, sans-serif; font-size: 13px; font-style: normal; font-variant-ligatures: normal; font-variant-caps: normal; font-weight: 400; letter-spacing: normal; orphans: 2; text-indent: 0px; text-transform: none; white-space: normal; widows: 2; word-spacing: 0px; -webkit-text-stroke-width: 0px; background-color: rgb(255, 255, 255); text-decoration-thickness: initial; text-decoration-style: initial; text-decoration-color: initial; text-align: justify;\"><span style=\"box-sizing: border-box; font-size: 10pt; font-family: helvetica;\">&nbsp;3-.<a href=\"http:\/\/fisica.uc.cl\/images\/Normalizacion_de_la_Tesis_de_Grado_o_Titulacion_Abril2015.pdf\" style=\"box-sizing: border-box; background-color: transparent; color: rgb(35, 103, 198); text-decoration: none; background-image: url(&quot;..\/images\/icons.gif&quot;); background-position: 5px 0px; background-repeat: no-repeat; padding: 0px 5px 0px 5px;\">Normas para elaborar la tesis de grado<\/a><\/span><\/p>\n","protected":false},"excerpt":{"rendered":"<p>El objetivo del Mag\u00edster en Astrof\u00edsica es formar investigadores muy bien capacitados, ya sea para realizar un doctorado, o para dar apoyo de alto nivel a la investigaci\u00f3n astron\u00f3mica, docencia o difusi\u00f3n en el \u00e1rea astron\u00f3mica. Los beneficios de estudiar en el Instituto de Astrof\u00edsica de PUC-Chile: &#8211; El IA-PUC es uno de los centros [&hellip;]<\/p>\n","protected":false},"author":2,"featured_media":0,"parent":85,"menu_order":0,"comment_status":"closed","ping_status":"closed","template":"","meta":{"footnotes":""},"class_list":["post-93","page","type-page","status-publish","hentry"],"_links":{"self":[{"href":"https:\/\/www3.astro.puc.cl\/astro\/index.php\/wp-json\/wp\/v2\/pages\/93","targetHints":{"allow":["GET"]}}],"collection":[{"href":"https:\/\/www3.astro.puc.cl\/astro\/index.php\/wp-json\/wp\/v2\/pages"}],"about":[{"href":"https:\/\/www3.astro.puc.cl\/astro\/index.php\/wp-json\/wp\/v2\/types\/page"}],"author":[{"embeddable":true,"href":"https:\/\/www3.astro.puc.cl\/astro\/index.php\/wp-json\/wp\/v2\/users\/2"}],"replies":[{"embeddable":true,"href":"https:\/\/www3.astro.puc.cl\/astro\/index.php\/wp-json\/wp\/v2\/comments?post=93"}],"version-history":[{"count":4,"href":"https:\/\/www3.astro.puc.cl\/astro\/index.php\/wp-json\/wp\/v2\/pages\/93\/revisions"}],"predecessor-version":[{"id":155,"href":"https:\/\/www3.astro.puc.cl\/astro\/index.php\/wp-json\/wp\/v2\/pages\/93\/revisions\/155"}],"up":[{"embeddable":true,"href":"https:\/\/www3.astro.puc.cl\/astro\/index.php\/wp-json\/wp\/v2\/pages\/85"}],"wp:attachment":[{"href":"https:\/\/www3.astro.puc.cl\/astro\/index.php\/wp-json\/wp\/v2\/media?parent=93"}],"curies":[{"name":"wp","href":"https:\/\/api.w.org\/{rel}","templated":true}]}}