{"id":17,"date":"2024-06-13T18:11:57","date_gmt":"2024-06-13T21:11:57","guid":{"rendered":"http:\/\/localhost\/wordpress\/?page_id=7"},"modified":"2025-07-08T10:23:48","modified_gmt":"2025-07-08T13:23:48","slug":"bienvenido","status":"publish","type":"page","link":"https:\/\/www3.astro.puc.cl\/geryon\/","title":{"rendered":"Bienvenido a Geryon 2 y Geryon 3"},"content":{"rendered":"\t\t<div data-elementor-type=\"wp-page\" data-elementor-id=\"17\" class=\"elementor elementor-17\">\n\t\t\t\t<div class=\"elementor-element elementor-element-13b76f43 e-flex e-con-boxed e-con e-parent\" data-id=\"13b76f43\" data-element_type=\"container\">\n\t\t\t\t\t<div class=\"e-con-inner\">\n\t\t\t\t<div class=\"elementor-element elementor-element-7be938e9 elementor-widget elementor-widget-html\" data-id=\"7be938e9\" data-element_type=\"widget\" data-widget_type=\"html.default\">\n\t\t\t\t<div class=\"elementor-widget-container\">\n\t\t\t<!DOCTYPE html>\r\n<html lang=\"es\">\r\n  <head>\r\n    <meta charset=\"UTF-8\" \/>\r\n    <meta\r\n      name=\"viewport\"\r\n      content=\"width=device-width, user-scalable=no, initial-scale=1.0, maximum-scale=1.0, minimum-scale=1.0\"\r\n    \/>\r\n    <meta http-equiv=\"X-UA-Compatible\" content=\"ie=edge\" \/>\r\n    <link\r\n      rel=\"icon\"\r\n      type=\"image\/png\"\r\n      href=\"https:\/\/web-uc-prod.s3.amazonaws.com\/uc-cl\/dist\/images\/favicon.png\"\r\n    \/>\r\n    <link\r\n      rel=\"stylesheet\"\r\n      href=\"https:\/\/kit-digital-uc-prod.s3.amazonaws.com\/uc-kitdigital\/css\/uc-kitdigital.css\"\r\n    \/>\r\n    <script src=\"https:\/\/kit-digital-uc-prod.s3.amazonaws.com\/uc-kitdigital\/js\/uc-kitdigital.js\"><\/script>\r\n\r\n    <title>Kit Digital UC<\/title>\r\n<header class=\"uc-header\">\r\n  <div id=\"uc-global-topbar\"><\/div>\r\n  <nav class=\"uc-navbar\">\r\n    <!-- Men\u00fa para versi\u00f3n Escritorio -->\r\n    <div class=\"container d-none d-lg-block\">\r\n      <div class=\"row\">\r\n        <div class=\"col-lg-3 col-xl-2\">\r\n          <img decoding=\"async\"\r\n            src=\"https:\/\/kit-digital-uc-prod.s3.amazonaws.com\/assets\/logo-uc-azul.svg\"\r\n            alt=\"Pontificia Universidad Cat\u00f3lica de Chile\"\r\n            class=\"img-fluid\"\r\n          \/>\r\n        <\/div>\r\n        <div class=\"col-lg-8 col-xl-9 pl-60\">\r\n          <div class=\"h2 text-font--serif text-color--blue mt-24\">Geryon@IA<\/div>\r\n          <div class=\"text-color--gray p-size--lg\">\r\n            Cl\u00fasteres de alto rendimiento\r\n          <\/div>\r\n        <\/div>\r\n      <\/div>\r\n      <ul class=\"uc-navbar_nav\">\r\n        <li class=\"nav-item\">\r\n          <a href=\".\/bienvenido\" class=\"uc-btn btn-inline\">Bienvenido<\/a>\r\n        <\/li>\r\n        <li class=\"nav-item\">\r\n          <a href=\".\/g2\" class=\"uc-btn btn-inline\">Geryon 2<\/a>\r\n        <\/li>\r\n        <li class=\"nav-item\">\r\n          <a href=\".\/g3\" class=\"uc-btn btn-inline\">Geryon 3<\/a>\r\n        <\/li>\r\n      <\/ul>\r\n    <\/div>\r\n    <!-- Men\u00fa para versi\u00f3n M\u00f3vil -->\r\n    <div class=\"uc-navbar_mobile d-block d-lg-none\">\r\n      <div class=\"uc-navbar_mobile-bar navbar-brand\">\r\n        <div class=\"uc-navbar_mobile-logo navbar-light\">\r\n          <div class=\"h2 text-font--serif text-color--blue\">Geryon@IA<\/div>\r\n        <\/div>\r\n        <a\r\n          href=\"javascript:void(0);\"\r\n          class=\"uc-navbar_mobile-button\"\r\n          data-collapse=\"collapseMobileNav3\"\r\n        >\r\n          <span class=\"uc-icon\"><\/span>\r\n          Men\u00fa\r\n        <\/a>\r\n      <\/div>\r\n      <div\r\n        class=\"uc-navbar_mobile-content\"\r\n        data-toggle=\"collapseMobileNav3\"\r\n        data-open=\"false\"\r\n        style=\"height: 0\"\r\n      >\r\n        <div class=\"uc-navbar_mobile-list\">\r\n          <a href=\".\/bienvenido\" class=\"list-item\">Bienvenido<\/a>\r\n          <a href=\".\/g2\" class=\"list-item\">Geryon 2<\/a>\r\n          <a href=\".\/g3\" class=\"list-item\">Geryon 3<\/a>\r\n        <\/div>\r\n      <\/div>\r\n    <\/div>\r\n  <\/nav>\r\n<\/header>\r\n<body>\r\n<\/body>\r\n<script src=\"https:\/\/kit-digital-uc-prod.s3.amazonaws.com\/uc-kitdigital\/js\/uc-kitdigital.js\"><\/script>\r\n<script src=\"https:\/\/kit-digital-uc-prod.s3.amazonaws.com\/uc-kitdigital\/js\/uc-kitdigital.js\"><\/script>\r\n\r\n<\/html>\t\t<\/div>\n\t\t\t\t<\/div>\n\t\t\t\t\t<\/div>\n\t\t\t\t<\/div>\n\t\t<div class=\"elementor-element elementor-element-1aa81e7 e-flex e-con-boxed e-con e-parent\" data-id=\"1aa81e7\" data-element_type=\"container\">\n\t\t\t\t\t<div class=\"e-con-inner\">\n\t\t\t\t<div class=\"elementor-element elementor-element-4466e50 elementor-widget elementor-widget-text-editor\" data-id=\"4466e50\" data-element_type=\"widget\" data-widget_type=\"text-editor.default\">\n\t\t\t\t<div class=\"elementor-widget-container\">\n\t\t\t<style>\/*! elementor - v3.22.0 - 24-06-2024 *\/\n.elementor-widget-text-editor.elementor-drop-cap-view-stacked .elementor-drop-cap{background-color:#69727d;color:#fff}.elementor-widget-text-editor.elementor-drop-cap-view-framed .elementor-drop-cap{color:#69727d;border:3px solid;background-color:transparent}.elementor-widget-text-editor:not(.elementor-drop-cap-view-default) .elementor-drop-cap{margin-top:8px}.elementor-widget-text-editor:not(.elementor-drop-cap-view-default) .elementor-drop-cap-letter{width:1em;height:1em}.elementor-widget-text-editor .elementor-drop-cap{float:left;text-align:center;line-height:1;font-size:50px}.elementor-widget-text-editor .elementor-drop-cap-letter{display:inline-block}<\/style>\t\t\t\t<h1>Bienvenido a Geryon 2 y Geryon 3<\/h1>\t\t\t\t\t\t<\/div>\n\t\t\t\t<\/div>\n\t\t\t\t\t<\/div>\n\t\t\t\t<\/div>\n\t\t<div class=\"elementor-element elementor-element-99c82b4 e-flex e-con-boxed e-con e-parent\" data-id=\"99c82b4\" data-element_type=\"container\">\n\t\t\t\t\t<div class=\"e-con-inner\">\n\t\t<div class=\"elementor-element elementor-element-7d59ab4 e-con-full e-flex e-con e-child\" data-id=\"7d59ab4\" data-element_type=\"container\">\n\t\t\t\t<div class=\"elementor-element elementor-element-eda8011 elementor-widget elementor-widget-text-editor\" data-id=\"eda8011\" data-element_type=\"widget\" data-widget_type=\"text-editor.default\">\n\t\t\t\t<div class=\"elementor-widget-container\">\n\t\t\t\t\t\t\t<p>Geryon 2 y Geryon 3 son dos cl\u00fasteres de c\u00f3mpuro dedicados a c\u00e1lculos de astronom\u00eda para la comunidad chilena de Astronom\u00eda. El cl\u00faster es parte de los recursos del\u00a0<em>Centro de Astrof\u00edsica y Tecnolog\u00edas Afines<\/em>\u00a0CATA y se encuentra f\u00edsicamente en las instalaciones del instituto de Astrof\u00edsica de la facultad de F\u00edsica de la Pontificia Universidad Cat\u00f3lica de Chile.<\/p><p>En conjunto, ambos cl\u00fasteres tienen 1.640 cores y 12,28 TB de memoria repartido en 32 servidores. Lo anterior implica una capacidad de c\u00f3mputo de 74,23 TFlops. La capacidad de almacenamiento disponible est\u00e1 en torno a 1 PB en discos SAS, 38 TB en unidades fast-SAS y 380 TB en unidades SATA.<\/p>\t\t\t\t\t\t<\/div>\n\t\t\t\t<\/div>\n\t\t\t\t<\/div>\n\t\t<div class=\"elementor-element elementor-element-30fd99a e-con-full e-flex e-con e-child\" data-id=\"30fd99a\" data-element_type=\"container\">\n\t\t\t\t<div class=\"elementor-element elementor-element-4b13b60 elementor-widget elementor-widget-image\" data-id=\"4b13b60\" data-element_type=\"widget\" data-widget_type=\"image.default\">\n\t\t\t\t<div class=\"elementor-widget-container\">\n\t\t\t<style>\/*! elementor - v3.22.0 - 24-06-2024 *\/\n.elementor-widget-image{text-align:center}.elementor-widget-image a{display:inline-block}.elementor-widget-image a img[src$=\".svg\"]{width:48px}.elementor-widget-image img{vertical-align:middle;display:inline-block}<\/style>\t\t\t\t\t\t\t<figure class=\"wp-caption\">\n\t\t\t\t\t\t\t\t\t\t<img fetchpriority=\"high\" decoding=\"async\" width=\"1024\" height=\"618\" src=\"https:\/\/www3.astro.puc.cl\/geryon\/wp-content\/uploads\/2024\/06\/20240617_131418_remastered-1024x618.jpg\" class=\"attachment-large size-large wp-image-136\" alt=\"\" srcset=\"https:\/\/www3.astro.puc.cl\/geryon\/wp-content\/uploads\/2024\/06\/20240617_131418_remastered-1024x618.jpg 1024w, https:\/\/www3.astro.puc.cl\/geryon\/wp-content\/uploads\/2024\/06\/20240617_131418_remastered-300x181.jpg 300w, https:\/\/www3.astro.puc.cl\/geryon\/wp-content\/uploads\/2024\/06\/20240617_131418_remastered-768x463.jpg 768w, https:\/\/www3.astro.puc.cl\/geryon\/wp-content\/uploads\/2024\/06\/20240617_131418_remastered-1536x927.jpg 1536w, https:\/\/www3.astro.puc.cl\/geryon\/wp-content\/uploads\/2024\/06\/20240617_131418_remastered-2048x1236.jpg 2048w\" sizes=\"(max-width: 1024px) 100vw, 1024px\" \/>\t\t\t\t\t\t\t\t\t\t\t<figcaption class=\"widget-image-caption wp-caption-text\">Datacenter de instituto de Astrof\u00edsica<\/figcaption>\n\t\t\t\t\t\t\t\t\t\t<\/figure>\n\t\t\t\t\t\t\t<\/div>\n\t\t\t\t<\/div>\n\t\t\t\t<\/div>\n\t\t\t\t\t<\/div>\n\t\t\t\t<\/div>\n\t\t<div class=\"elementor-element elementor-element-5c1b477 e-flex e-con-boxed e-con e-parent\" data-id=\"5c1b477\" data-element_type=\"container\">\n\t\t\t\t\t<div class=\"e-con-inner\">\n\t\t\t\t<div class=\"elementor-element elementor-element-1af71a2 elementor-widget elementor-widget-text-editor\" data-id=\"1af71a2\" data-element_type=\"widget\" data-widget_type=\"text-editor.default\">\n\t\t\t\t<div class=\"elementor-widget-container\">\n\t\t\t\t\t\t\t<p>Cualquier solicitud puede ser enviada a geryon.support@astro.puc.cl, donde atenderemos a la brevedad posible. Tambi\u00e9n pueden contactarnos si est\u00e1n en proyectos de investigaci\u00f3n o comerciales y desean postular a su uso, para que evaluemos su caso y le entregaremos los detalles y las tarifas correspondientes.<\/p>\t\t\t\t\t\t<\/div>\n\t\t\t\t<\/div>\n\t\t\t\t\t<\/div>\n\t\t\t\t<\/div>\n\t\t<div class=\"elementor-element elementor-element-e306020 e-con-full e-flex e-con e-parent\" data-id=\"e306020\" data-element_type=\"container\">\n\t\t<div class=\"elementor-element elementor-element-b137af7 e-con-full e-flex e-con e-child\" data-id=\"b137af7\" data-element_type=\"container\">\n\t\t\t\t<div class=\"elementor-element elementor-element-48422db elementor-widget elementor-widget-button\" data-id=\"48422db\" data-element_type=\"widget\" data-widget_type=\"button.default\">\n\t\t\t\t<div class=\"elementor-widget-container\">\n\t\t\t\t\t<div class=\"elementor-button-wrapper\">\n\t\t\t<a class=\"elementor-button elementor-button-link elementor-size-sm\" href=\"https:\/\/www3.astro.puc.cl\/geryon\/g2\/\">\n\t\t\t\t\t\t<span class=\"elementor-button-content-wrapper\">\n\t\t\t\t\t\t\t\t\t<span class=\"elementor-button-text\">Visita Geryon 2<\/span>\n\t\t\t\t\t<\/span>\n\t\t\t\t\t<\/a>\n\t\t<\/div>\n\t\t\t\t<\/div>\n\t\t\t\t<\/div>\n\t\t\t\t<\/div>\n\t\t<div class=\"elementor-element elementor-element-74fea24 e-con-full e-flex e-con e-child\" data-id=\"74fea24\" data-element_type=\"container\">\n\t\t\t\t<div class=\"elementor-element elementor-element-d7ddbef elementor-widget elementor-widget-button\" data-id=\"d7ddbef\" data-element_type=\"widget\" data-widget_type=\"button.default\">\n\t\t\t\t<div class=\"elementor-widget-container\">\n\t\t\t\t\t<div class=\"elementor-button-wrapper\">\n\t\t\t<a class=\"elementor-button elementor-button-link elementor-size-sm\" href=\"https:\/\/www3.astro.puc.cl\/geryon\/g3\/\">\n\t\t\t\t\t\t<span class=\"elementor-button-content-wrapper\">\n\t\t\t\t\t\t\t\t\t<span class=\"elementor-button-text\">Visita Geryon 3<\/span>\n\t\t\t\t\t<\/span>\n\t\t\t\t\t<\/a>\n\t\t<\/div>\n\t\t\t\t<\/div>\n\t\t\t\t<\/div>\n\t\t\t\t<\/div>\n\t\t\t\t<\/div>\n\t\t<div class=\"elementor-element elementor-element-0019661 e-flex e-con-boxed e-con e-parent\" data-id=\"0019661\" data-element_type=\"container\">\n\t\t\t\t\t<div class=\"e-con-inner\">\n\t\t\t\t<div class=\"elementor-element elementor-element-81dec78 elementor-widget elementor-widget-html\" data-id=\"81dec78\" data-element_type=\"widget\" data-widget_type=\"html.default\">\n\t\t\t\t<div class=\"elementor-widget-container\">\n\t\t\t<footer class=\"uc-footer\">\r\n  <div class=\"container pb-48\">\r\n    <div class=\"row\">\r\n      <div class=\"col-6 col-lg-4 col-xl-3 pr-40 mb-32\">\r\n        <a href=\"\/\">\r\n          <img decoding=\"async\"\r\n            src=\"https:\/\/digital.lib.uc.cl\/logos\/uc-chile_3.svg\"\r\n            alt=\"UC | Chile\"\r\n            class=\"img-fluid\"\r\n          \/>\r\n        <\/a>\r\n      <\/div>\r\n      <div class=\"col-md-12 col-xl-8 offset-xl-1\">\r\n        <div class=\"h2 color-white text-font--serif mt-40\">\r\n          Cl\u00fasteres de alto rendimiento\r\n        <\/div>\r\n      <\/div>\r\n    <\/div>\r\n  <\/div>\r\n  <div id=\"uc-global-footer\"><\/div>\r\n<\/footer>\r\n\t\t<\/div>\n\t\t\t\t<\/div>\n\t\t\t\t\t<\/div>\n\t\t\t\t<\/div>\n\t\t\t\t<\/div>\n\t\t","protected":false},"excerpt":{"rendered":"<p>Kit Digital UC Geryon@IA Cl\u00fasteres de alto rendimiento Bienvenido Geryon 2 Geryon 3 Geryon@IA Men\u00fa Bienvenido Geryon 2 Geryon 3 [&hellip;]<\/p>\n","protected":false},"author":1,"featured_media":0,"parent":0,"menu_order":0,"comment_status":"closed","ping_status":"closed","template":"","meta":{"site-sidebar-layout":"no-sidebar","site-content-layout":"","ast-site-content-layout":"full-width-container","site-content-style":"default","site-sidebar-style":"default","ast-global-header-display":"","ast-banner-title-visibility":"","ast-main-header-display":"","ast-hfb-above-header-display":"","ast-hfb-below-header-display":"","ast-hfb-mobile-header-display":"","site-post-title":"disabled","ast-breadcrumbs-content":"","ast-featured-img":"disabled","footer-sml-layout":"","theme-transparent-header-meta":"","adv-header-id-meta":"","stick-header-meta":"","header-above-stick-meta":"","header-main-stick-meta":"","header-below-stick-meta":"","astra-migrate-meta-layouts":"default","ast-page-background-enabled":"default","ast-page-background-meta":{"desktop":{"background-color":"var(--ast-global-color-4)","background-image":"","background-repeat":"repeat","background-position":"center center","background-size":"auto","background-attachment":"scroll","background-type":"","background-media":"","overlay-type":"","overlay-color":"","overlay-opacity":"","overlay-gradient":""},"tablet":{"background-color":"","background-image":"","background-repeat":"repeat","background-position":"center center","background-size":"auto","background-attachment":"scroll","background-type":"","background-media":"","overlay-type":"","overlay-color":"","overlay-opacity":"","overlay-gradient":""},"mobile":{"background-color":"","background-image":"","background-repeat":"repeat","background-position":"center center","background-size":"auto","background-attachment":"scroll","background-type":"","background-media":"","overlay-type":"","overlay-color":"","overlay-opacity":"","overlay-gradient":""}},"ast-content-background-meta":{"desktop":{"background-color":"var(--ast-global-color-5)","background-image":"","background-repeat":"repeat","background-position":"center center","background-size":"auto","background-attachment":"scroll","background-type":"","background-media":"","overlay-type":"","overlay-color":"","overlay-opacity":"","overlay-gradient":""},"tablet":{"background-color":"var(--ast-global-color-5)","background-image":"","background-repeat":"repeat","background-position":"center center","background-size":"auto","background-attachment":"scroll","background-type":"","background-media":"","overlay-type":"","overlay-color":"","overlay-opacity":"","overlay-gradient":""},"mobile":{"background-color":"var(--ast-global-color-5)","background-image":"","background-repeat":"repeat","background-position":"center center","background-size":"auto","background-attachment":"scroll","background-type":"","background-media":"","overlay-type":"","overlay-color":"","overlay-opacity":"","overlay-gradient":""}},"footnotes":""},"class_list":["post-17","page","type-page","status-publish","hentry"],"_links":{"self":[{"href":"https:\/\/www3.astro.puc.cl\/geryon\/wp-json\/wp\/v2\/pages\/17","targetHints":{"allow":["GET"]}}],"collection":[{"href":"https:\/\/www3.astro.puc.cl\/geryon\/wp-json\/wp\/v2\/pages"}],"about":[{"href":"https:\/\/www3.astro.puc.cl\/geryon\/wp-json\/wp\/v2\/types\/page"}],"author":[{"embeddable":true,"href":"https:\/\/www3.astro.puc.cl\/geryon\/wp-json\/wp\/v2\/users\/1"}],"replies":[{"embeddable":true,"href":"https:\/\/www3.astro.puc.cl\/geryon\/wp-json\/wp\/v2\/comments?post=17"}],"version-history":[{"count":22,"href":"https:\/\/www3.astro.puc.cl\/geryon\/wp-json\/wp\/v2\/pages\/17\/revisions"}],"predecessor-version":[{"id":208,"href":"https:\/\/www3.astro.puc.cl\/geryon\/wp-json\/wp\/v2\/pages\/17\/revisions\/208"}],"wp:attachment":[{"href":"https:\/\/www3.astro.puc.cl\/geryon\/wp-json\/wp\/v2\/media?parent=17"}],"curies":[{"name":"wp","href":"https:\/\/api.w.org\/{rel}","templated":true}]}}